{"id":89384,"date":"2016-11-29T19:09:55","date_gmt":"2016-11-29T18:09:55","guid":{"rendered":"https:\/\/arbeitskleidung.de\/shop\/produkt\/hitachi-power-tools-team-bodice-lady"},"modified":"2016-11-29T19:09:55","modified_gmt":"2016-11-29T18:09:55","slug":"hitachi-power-tools-team-bodice-lady","status":"publish","type":"product","link":"https:\/\/arbeitskleidung.de\/shop\/produkt\/hitachi-power-tools-team-bodice-lady","title":{"rendered":"HITACHI Power Tools TEAM BODICE LADY"},"content":{"rendered":"<p><strong>HITACHI Power Tools TEAM BODICE LADY<\/strong><br \/>\nRestpostenverkauf vom Umtausch ausgeschlossen<br \/>\nTeam Bluse Damen mit appliziertem<br \/>\nPOWER TOOLS-Webemblem am \u00c4rmel,<br \/>\nHITACHI used look Druck auf dem R\u00fccken,<br \/>\nextra langen Manschetten zum Umklappen<br \/>\nmit kontrastfarbenen Steppn\u00e4hten.<br \/>\nDer Innenbeleg des Kragens und der Manschetten<br \/>\nist mit Streifenstoff belegt.<\/p>\n<p>Schwarz<br \/>\n100 % Baumwolle, Popeline, 130g\/m\u00b2<\/p>\n","protected":false},"excerpt":{"rendered":"<p>HITACHI Power Tools TEAM BODICE LADY Restpostenverkauf vom Umtausch ausgeschlossen Team Bluse Damen mit appliziertem POWER TOOLS-Webemblem am \u00c4rmel, HITACHI used look Druck auf dem R\u00fccken, extra langen Manschetten zum Umklappen mit kontrastfarbenen Steppn\u00e4hten. Der Innenbeleg des Kragens und der Manschetten ist mit Streifenstoff belegt. Schwarz 100 % Baumwolle, Popeline, 130g\/m\u00b2<\/p>\n","protected":false},"featured_media":89386,"comment_status":"open","ping_status":"open","template":"","meta":[],"product_cat":[3350,823,3349],"product_tag":[2781],"class_list":["post-89384","product","type-product","status-publish","has-post-thumbnail","hentry","product_cat-hitachi-kollektion","product_cat-industrie-handwerk","product_cat-hitachi-bekleidung","product_tag-hitachi","pa_groesse-m","pa_hersteller-hitachi"],"_links":{"self":[{"href":"https:\/\/arbeitskleidung.de\/shop\/wp-json\/wp\/v2\/product\/89384"}],"collection":[{"href":"https:\/\/arbeitskleidung.de\/shop\/wp-json\/wp\/v2\/product"}],"about":[{"href":"https:\/\/arbeitskleidung.de\/shop\/wp-json\/wp\/v2\/types\/product"}],"replies":[{"embeddable":true,"href":"https:\/\/arbeitskleidung.de\/shop\/wp-json\/wp\/v2\/comments?post=89384"}],"wp:featuredmedia":[{"embeddable":true,"href":"https:\/\/arbeitskleidung.de\/shop\/wp-json\/wp\/v2\/media\/89386"}],"wp:attachment":[{"href":"https:\/\/arbeitskleidung.de\/shop\/wp-json\/wp\/v2\/media?parent=89384"}],"wp:term":[{"taxonomy":"product_cat","embeddable":true,"href":"https:\/\/arbeitskleidung.de\/shop\/wp-json\/wp\/v2\/product_cat?post=89384"},{"taxonomy":"product_tag","embeddable":true,"href":"https:\/\/arbeitskleidung.de\/shop\/wp-json\/wp\/v2\/product_tag?post=89384"}],"curies":[{"name":"wp","href":"https:\/\/api.w.org\/{rel}","templated":true}]}}