{"id":89407,"date":"2016-11-29T19:10:07","date_gmt":"2016-11-29T18:10:07","guid":{"rendered":"https:\/\/arbeitskleidung.de\/shop\/produkt\/weste-2"},"modified":"2019-11-11T15:44:57","modified_gmt":"2019-11-11T13:44:57","slug":"weste-2","status":"publish","type":"product","link":"https:\/\/arbeitskleidung.de\/shop\/produkt\/weste-2","title":{"rendered":"Weste"},"content":{"rendered":"<p><strong>Weste<\/strong><br \/>\nhoher Kragen mit Kordelzug und Stopper,<br \/>\nmit Cordbesatz an Schulter und Innenkragen,<br \/>\nverdeckter Rei\u00dfverschlu\u00df,<br \/>\n Au\u00dfenseite :<br \/>\n2 aufgesetzte Brusttaschen mit Patte und<br \/>\nKlettverschlu\u00df auch als Handytasche<br \/>\nverwendbar und 2 seitliche Eingrifftaschen<br \/>\nmit Rei\u00dfverschlu\u00df, 2 aufgesetzte H\u00fcfttaschen<br \/>\nmit Patte und Rei\u00dfverschlu\u00df und 2 seitlichen<br \/>\nEingrifftaschen mit Rei\u00dfverschlu\u00df<br \/>\nInnenseite :<br \/>\n1 Brusttasche mit Klettverschlu\u00df und<br \/>\n1 H\u00fcfttasche mit Patte und Klettverschlu\u00df,<br \/>\nTunnelzug im Saum mit Stopper,<br \/>\nWindfang am \u00c4rmelausschnitt<\/p>\n<p>Obermaterial : 65 % Polyester \/<br \/>\n35 % Baumwolle<br \/>\nF\u00fcllung : 100 % Polyester<br \/>\nFutter : 100 % Polyamid<\/p>\n","protected":false},"excerpt":{"rendered":"<p>Weste hoher Kragen mit Kordelzug und Stopper, mit Cordbesatz an Schulter und Innenkragen, verdeckter Rei\u00dfverschlu\u00df, Au\u00dfenseite : 2 aufgesetzte Brusttaschen mit Patte und Klettverschlu\u00df auch als Handytasche verwendbar und 2 seitliche Eingrifftaschen mit Rei\u00dfverschlu\u00df, 2 aufgesetzte H\u00fcfttaschen mit Patte und Rei\u00dfverschlu\u00df und 2 seitlichen Eingrifftaschen mit Rei\u00dfverschlu\u00df Innenseite : 1 Brusttasche mit Klettverschlu\u00df und 1 [&hellip;]<\/p>\n","protected":false},"featured_media":89420,"comment_status":"open","ping_status":"closed","template":"","meta":[],"product_cat":[823,3341],"product_tag":[2791],"class_list":["post-89407","product","type-product","status-publish","has-post-thumbnail","hentry","product_cat-industrie-handwerk","product_cat-arbeitswesten","product_tag-arbeitskleidung","pa_farbe-dunkelblau","pa_farbe-oliv","pa_groesse-l","pa_groesse-m","pa_groesse-s","pa_groesse-xl","pa_groesse-xxl","pa_groesse-xxxl","pa_hersteller-arbeitskleidung"],"_links":{"self":[{"href":"https:\/\/arbeitskleidung.de\/shop\/wp-json\/wp\/v2\/product\/89407"}],"collection":[{"href":"https:\/\/arbeitskleidung.de\/shop\/wp-json\/wp\/v2\/product"}],"about":[{"href":"https:\/\/arbeitskleidung.de\/shop\/wp-json\/wp\/v2\/types\/product"}],"replies":[{"embeddable":true,"href":"https:\/\/arbeitskleidung.de\/shop\/wp-json\/wp\/v2\/comments?post=89407"}],"wp:featuredmedia":[{"embeddable":true,"href":"https:\/\/arbeitskleidung.de\/shop\/wp-json\/wp\/v2\/media\/89420"}],"wp:attachment":[{"href":"https:\/\/arbeitskleidung.de\/shop\/wp-json\/wp\/v2\/media?parent=89407"}],"wp:term":[{"taxonomy":"product_cat","embeddable":true,"href":"https:\/\/arbeitskleidung.de\/shop\/wp-json\/wp\/v2\/product_cat?post=89407"},{"taxonomy":"product_tag","embeddable":true,"href":"https:\/\/arbeitskleidung.de\/shop\/wp-json\/wp\/v2\/product_tag?post=89407"}],"curies":[{"name":"wp","href":"https:\/\/api.w.org\/{rel}","templated":true}]}}