{"id":89444,"date":"2016-11-29T19:10:14","date_gmt":"2016-11-29T18:10:14","guid":{"rendered":"https:\/\/arbeitskleidung.de\/shop\/produkt\/breitcord-weste"},"modified":"2021-12-01T18:13:33","modified_gmt":"2021-12-01T16:13:33","slug":"breitcord-weste","status":"publish","type":"product","link":"https:\/\/arbeitskleidung.de\/shop\/produkt\/breitcord-weste","title":{"rendered":"Breitcord- Weste"},"content":{"rendered":"<p><strong>Breitcord- Weste<\/strong><br \/>\nmit hellen Webfell abgef\u00fcttert,<br \/>\nNierenschutz, 1 Handytasche,<br \/>\n2 Au\u00dfentaschen, 1 Innentasche,<br \/>\nRei\u00dfverschlu\u00df,<br \/>\nGummizug in der Taille.<\/p>\n<p>Obermaterial : 100 % Baumwolle<br \/>\nMaterial : 100 % Polyacryl <\/p>\n<p>Farbe : Schwarz<\/p>\n","protected":false},"excerpt":{"rendered":"<p>Breitcord- Weste mit hellen Webfell abgef\u00fcttert, Nierenschutz, 1 Handytasche, 2 Au\u00dfentaschen, 1 Innentasche, Rei\u00dfverschlu\u00df, Gummizug in der Taille. Obermaterial : 100 % Baumwolle Material : 100 % Polyacryl Farbe : Schwarz<\/p>\n","protected":false},"featured_media":89451,"comment_status":"open","ping_status":"closed","template":"","meta":[],"product_cat":[823,3341],"product_tag":[2791],"class_list":["post-89444","product","type-product","status-publish","has-post-thumbnail","hentry","product_cat-industrie-handwerk","product_cat-arbeitswesten","product_tag-arbeitskleidung","pa_groesse-l","pa_groesse-m","pa_groesse-s","pa_groesse-xl","pa_groesse-xxl","pa_groesse-xxxl","pa_hersteller-arbeitskleidung"],"_links":{"self":[{"href":"https:\/\/arbeitskleidung.de\/shop\/wp-json\/wp\/v2\/product\/89444"}],"collection":[{"href":"https:\/\/arbeitskleidung.de\/shop\/wp-json\/wp\/v2\/product"}],"about":[{"href":"https:\/\/arbeitskleidung.de\/shop\/wp-json\/wp\/v2\/types\/product"}],"replies":[{"embeddable":true,"href":"https:\/\/arbeitskleidung.de\/shop\/wp-json\/wp\/v2\/comments?post=89444"}],"wp:featuredmedia":[{"embeddable":true,"href":"https:\/\/arbeitskleidung.de\/shop\/wp-json\/wp\/v2\/media\/89451"}],"wp:attachment":[{"href":"https:\/\/arbeitskleidung.de\/shop\/wp-json\/wp\/v2\/media?parent=89444"}],"wp:term":[{"taxonomy":"product_cat","embeddable":true,"href":"https:\/\/arbeitskleidung.de\/shop\/wp-json\/wp\/v2\/product_cat?post=89444"},{"taxonomy":"product_tag","embeddable":true,"href":"https:\/\/arbeitskleidung.de\/shop\/wp-json\/wp\/v2\/product_tag?post=89444"}],"curies":[{"name":"wp","href":"https:\/\/api.w.org\/{rel}","templated":true}]}}