{"id":89613,"date":"2022-07-07T13:16:14","date_gmt":"2022-07-07T11:16:14","guid":{"rendered":"https:\/\/arbeitskleidung.de\/shop\/produkt\/baumwollschuerze"},"modified":"2022-07-07T13:16:14","modified_gmt":"2022-07-07T11:16:14","slug":"baumwollschuerze","status":"publish","type":"product","link":"https:\/\/arbeitskleidung.de\/shop\/produkt\/baumwollschuerze","title":{"rendered":"Baumwollsch\u00fcrze"},"content":{"rendered":"<p><strong>Baumwollsch\u00fcrze<\/strong><br \/>\nmit innenliegender Brusttasche<br \/>\nMaterial : 100 % Baumwolle<br \/>\nGr\u00f6\u00dfe : ca. 80 x 100 cm<\/p>\n","protected":false},"excerpt":{"rendered":"<p>Baumwollsch\u00fcrze mit innenliegender Brusttasche Material : 100 % Baumwolle Gr\u00f6\u00dfe : ca. 80 x 100 cm<\/p>\n","protected":false},"featured_media":89616,"comment_status":"open","ping_status":"open","template":"","meta":[],"product_cat":[823,3356],"product_tag":[2791,3358],"class_list":["post-89613","product","type-product","status-publish","has-post-thumbnail","hentry","product_cat-industrie-handwerk","product_cat-schuerzen","product_tag-arbeitskleidung","product_tag-schuerze","pa_farbe-blau","pa_farbe-gruen","pa_hersteller-arbeitskleidung"],"_links":{"self":[{"href":"https:\/\/arbeitskleidung.de\/shop\/wp-json\/wp\/v2\/product\/89613"}],"collection":[{"href":"https:\/\/arbeitskleidung.de\/shop\/wp-json\/wp\/v2\/product"}],"about":[{"href":"https:\/\/arbeitskleidung.de\/shop\/wp-json\/wp\/v2\/types\/product"}],"replies":[{"embeddable":true,"href":"https:\/\/arbeitskleidung.de\/shop\/wp-json\/wp\/v2\/comments?post=89613"}],"wp:featuredmedia":[{"embeddable":true,"href":"https:\/\/arbeitskleidung.de\/shop\/wp-json\/wp\/v2\/media\/89616"}],"wp:attachment":[{"href":"https:\/\/arbeitskleidung.de\/shop\/wp-json\/wp\/v2\/media?parent=89613"}],"wp:term":[{"taxonomy":"product_cat","embeddable":true,"href":"https:\/\/arbeitskleidung.de\/shop\/wp-json\/wp\/v2\/product_cat?post=89613"},{"taxonomy":"product_tag","embeddable":true,"href":"https:\/\/arbeitskleidung.de\/shop\/wp-json\/wp\/v2\/product_tag?post=89613"}],"curies":[{"name":"wp","href":"https:\/\/api.w.org\/{rel}","templated":true}]}}