{"id":89723,"date":"2016-11-29T19:12:17","date_gmt":"2016-11-29T18:12:17","guid":{"rendered":"https:\/\/arbeitskleidung.de\/shop\/produkt\/elysee-handschuhe-master"},"modified":"2016-11-29T19:12:17","modified_gmt":"2016-11-29T18:12:17","slug":"elysee-handschuhe-master","status":"publish","type":"product","link":"https:\/\/arbeitskleidung.de\/shop\/produkt\/elysee-handschuhe-master","title":{"rendered":"Elysee Handschuhe MASTER"},"content":{"rendered":"<p><strong>Elysee Handschuhe MASTER<\/strong><br \/>\nHervorragende Passform durch weiches,<br \/>\nstrapazierf\u00e4higes Kunstleder,<br \/>\natmungsaktiv durch zus\u00e4tzliche<br \/>\nBel\u00fcftung der Finger,<br \/>\nsehr hoher Tragekomfort,<br \/>\nfester Sitz durch Klettverschlu\u00df am Handgelenk,<br \/>\nzus\u00e4tzlich unter ergonomischen Gesichtspunkten<br \/>\ngepolsterte Handinnenfl\u00e4che ,<br \/>\nKn\u00f6chelschutz aus flexiblem Neopren<\/p>\n","protected":false},"excerpt":{"rendered":"<p>Elysee Handschuhe MASTER Hervorragende Passform durch weiches, strapazierf\u00e4higes Kunstleder, atmungsaktiv durch zus\u00e4tzliche Bel\u00fcftung der Finger, sehr hoher Tragekomfort, fester Sitz durch Klettverschlu\u00df am Handgelenk, zus\u00e4tzlich unter ergonomischen Gesichtspunkten gepolsterte Handinnenfl\u00e4che , Kn\u00f6chelschutz aus flexiblem Neopren<\/p>\n","protected":false},"featured_media":89729,"comment_status":"open","ping_status":"open","template":"","meta":[],"product_cat":[823,3360,3272],"product_tag":[2774,3364],"class_list":["post-89723","product","type-product","status-publish","has-post-thumbnail","hentry","product_cat-industrie-handwerk","product_cat-elysee-handschuheaccessoires","product_cat-elysee-kollektion","product_tag-elysee","product_tag-handschuhe","pa_groesse-3319","pa_groesse-3320","pa_groesse-3365","pa_groesse-3317","pa_groesse-3318","pa_hersteller-elysee"],"_links":{"self":[{"href":"https:\/\/arbeitskleidung.de\/shop\/wp-json\/wp\/v2\/product\/89723"}],"collection":[{"href":"https:\/\/arbeitskleidung.de\/shop\/wp-json\/wp\/v2\/product"}],"about":[{"href":"https:\/\/arbeitskleidung.de\/shop\/wp-json\/wp\/v2\/types\/product"}],"replies":[{"embeddable":true,"href":"https:\/\/arbeitskleidung.de\/shop\/wp-json\/wp\/v2\/comments?post=89723"}],"wp:featuredmedia":[{"embeddable":true,"href":"https:\/\/arbeitskleidung.de\/shop\/wp-json\/wp\/v2\/media\/89729"}],"wp:attachment":[{"href":"https:\/\/arbeitskleidung.de\/shop\/wp-json\/wp\/v2\/media?parent=89723"}],"wp:term":[{"taxonomy":"product_cat","embeddable":true,"href":"https:\/\/arbeitskleidung.de\/shop\/wp-json\/wp\/v2\/product_cat?post=89723"},{"taxonomy":"product_tag","embeddable":true,"href":"https:\/\/arbeitskleidung.de\/shop\/wp-json\/wp\/v2\/product_tag?post=89723"}],"curies":[{"name":"wp","href":"https:\/\/api.w.org\/{rel}","templated":true}]}}