{"id":89745,"date":"2016-11-29T19:12:24","date_gmt":"2016-11-29T18:12:24","guid":{"rendered":"https:\/\/arbeitskleidung.de\/shop\/produkt\/elysee-handschuhe-rigger"},"modified":"2016-11-29T19:12:24","modified_gmt":"2016-11-29T18:12:24","slug":"elysee-handschuhe-rigger","status":"publish","type":"product","link":"https:\/\/arbeitskleidung.de\/shop\/produkt\/elysee-handschuhe-rigger","title":{"rendered":"Elysee Handschuhe RIGGER"},"content":{"rendered":"<p><strong>Elysee Handschuhe RIGGER<\/strong><br \/>\nhervorragende Passform durch das weiche<br \/>\nInnenhandmaterial und den<br \/>\nelastischen Handr\u00fccken,<br \/>\nweiche, gro\u00dffl\u00e4chige Kunstlederverst\u00e4rkung<br \/>\nin der Innenhand,<br \/>\nsicherer Sitz durch Klettverschluss am Handgelenk,<br \/>\nkomplett gef\u00fcttert,<br \/>\npaarweise im Blister verpackt.<br \/>\nMaterial Innenhand robustes Kunstleder<br \/>\nMaterial Handr\u00fccken Spandex<br \/>\nFarbe schwarz\/grau<\/p>\n","protected":false},"excerpt":{"rendered":"<p>Elysee Handschuhe RIGGER hervorragende Passform durch das weiche Innenhandmaterial und den elastischen Handr\u00fccken, weiche, gro\u00dffl\u00e4chige Kunstlederverst\u00e4rkung in der Innenhand, sicherer Sitz durch Klettverschluss am Handgelenk, komplett gef\u00fcttert, paarweise im Blister verpackt. Material Innenhand robustes Kunstleder Material Handr\u00fccken Spandex Farbe schwarz\/grau<\/p>\n","protected":false},"featured_media":89751,"comment_status":"open","ping_status":"open","template":"","meta":[],"product_cat":[823,3360,3272],"product_tag":[2774,3364],"class_list":["post-89745","product","type-product","status-publish","has-post-thumbnail","hentry","product_cat-industrie-handwerk","product_cat-elysee-handschuheaccessoires","product_cat-elysee-kollektion","product_tag-elysee","product_tag-handschuhe","pa_groesse-l","pa_groesse-m","pa_groesse-s","pa_groesse-xl","pa_groesse-xxl","pa_hersteller-elysee"],"_links":{"self":[{"href":"https:\/\/arbeitskleidung.de\/shop\/wp-json\/wp\/v2\/product\/89745"}],"collection":[{"href":"https:\/\/arbeitskleidung.de\/shop\/wp-json\/wp\/v2\/product"}],"about":[{"href":"https:\/\/arbeitskleidung.de\/shop\/wp-json\/wp\/v2\/types\/product"}],"replies":[{"embeddable":true,"href":"https:\/\/arbeitskleidung.de\/shop\/wp-json\/wp\/v2\/comments?post=89745"}],"wp:featuredmedia":[{"embeddable":true,"href":"https:\/\/arbeitskleidung.de\/shop\/wp-json\/wp\/v2\/media\/89751"}],"wp:attachment":[{"href":"https:\/\/arbeitskleidung.de\/shop\/wp-json\/wp\/v2\/media?parent=89745"}],"wp:term":[{"taxonomy":"product_cat","embeddable":true,"href":"https:\/\/arbeitskleidung.de\/shop\/wp-json\/wp\/v2\/product_cat?post=89745"},{"taxonomy":"product_tag","embeddable":true,"href":"https:\/\/arbeitskleidung.de\/shop\/wp-json\/wp\/v2\/product_tag?post=89745"}],"curies":[{"name":"wp","href":"https:\/\/api.w.org\/{rel}","templated":true}]}}