{"id":89769,"date":"2018-03-20T08:44:37","date_gmt":"2018-03-20T07:44:37","guid":{"rendered":"https:\/\/arbeitskleidung.de\/shop\/produkt\/elysee-bundhose-2"},"modified":"2023-08-14T09:00:18","modified_gmt":"2023-08-14T07:00:18","slug":"elysee-bundhose-2","status":"publish","type":"product","link":"https:\/\/arbeitskleidung.de\/shop\/produkt\/elysee-bundhose-2","title":{"rendered":"Elysee Bundhose"},"content":{"rendered":"<p><strong>Elysee Bundhose<\/strong><br \/>\nObermaterial: 65 % Polyester\/35 % Baumwolle ca. 320 g\/m\u00b2<\/p>\n<p>robustes Canvasgewebe ist schmutz-, \u00f6l- und<br \/>\nwasserabweisend durch hochwertige Beschichtung,<br \/>\nCORDURA\u00ae-Eins\u00e4tze an Knie und Taschenpatten<br \/>\nsorgen f\u00fcr lange Haltbarkeit, abrieb- und rei\u00dffest,<br \/>\nhohe Bewegungsfreiheit durch sehr gute Passform,<br \/>\nangenehmer textiler Griff, sehr guter Tragekomfort,<br \/>\nh\u00f6henverstellbare Kniepolstertasche<br \/>\nKlettverschl\u00fcsse und verdeckte Kn\u00f6pfe garantieren Kratzfreiheit,<\/p>\n<p>Taschen:<br \/>\n2 aufgesetzte Seitentaschen<br \/>\n2 Nageltaschen mit Verst\u00e4rkung, die in die Balgtaschen gesteckt werden<br \/>\noder durch robusten Rei\u00dfverschluss abgenommen werden k\u00f6nnen,<br \/>\n2 Ges\u00e4\u00dftaschen in Balgform mit Patte,<br \/>\n1 Oberschenkeltasche mit Kombinationen,<br \/>\n1 Zollstocktasche, verst\u00e4rkt mit Bleistifttasche,<br \/>\nHammerschlaufe.<\/p>\n","protected":false},"excerpt":{"rendered":"<p>Elysee Bundhose Obermaterial: 65 % Polyester\/35 % Baumwolle ca. 320 g\/m\u00b2 robustes Canvasgewebe ist schmutz-, \u00f6l- und wasserabweisend durch hochwertige Beschichtung, CORDURA\u00ae-Eins\u00e4tze an Knie und Taschenpatten sorgen f\u00fcr lange Haltbarkeit, abrieb- und rei\u00dffest, hohe Bewegungsfreiheit durch sehr gute Passform, angenehmer textiler Griff, sehr guter Tragekomfort, h\u00f6henverstellbare Kniepolstertasche Klettverschl\u00fcsse und verdeckte Kn\u00f6pfe garantieren Kratzfreiheit, Taschen: 2 [&hellip;]<\/p>\n","protected":false},"featured_media":89814,"comment_status":"open","ping_status":"closed","template":"","meta":[],"product_cat":[3353,823,3272],"product_tag":[2774,3127,3199],"class_list":["post-89769","product","type-product","status-publish","has-post-thumbnail","hentry","product_cat-elysee-premium-workwear","product_cat-industrie-handwerk","product_cat-elysee-kollektion","product_tag-elysee","product_tag-nageltasche","product_tag-bundhose","pa_farbe-grau-schwarz","pa_farbe-gruen-schwarz","pa_farbe-marine-schwarz","pa_farbe-schwarz-schwarz","pa_groesse-2878","pa_groesse-2891","pa_groesse-2939","pa_groesse-3011","pa_groesse-3012","pa_groesse-3013","pa_groesse-3014","pa_groesse-3015","pa_groesse-3016","pa_groesse-3017","pa_groesse-3018","pa_hersteller-elysee"],"_links":{"self":[{"href":"https:\/\/arbeitskleidung.de\/shop\/wp-json\/wp\/v2\/product\/89769"}],"collection":[{"href":"https:\/\/arbeitskleidung.de\/shop\/wp-json\/wp\/v2\/product"}],"about":[{"href":"https:\/\/arbeitskleidung.de\/shop\/wp-json\/wp\/v2\/types\/product"}],"replies":[{"embeddable":true,"href":"https:\/\/arbeitskleidung.de\/shop\/wp-json\/wp\/v2\/comments?post=89769"}],"wp:featuredmedia":[{"embeddable":true,"href":"https:\/\/arbeitskleidung.de\/shop\/wp-json\/wp\/v2\/media\/89814"}],"wp:attachment":[{"href":"https:\/\/arbeitskleidung.de\/shop\/wp-json\/wp\/v2\/media?parent=89769"}],"wp:term":[{"taxonomy":"product_cat","embeddable":true,"href":"https:\/\/arbeitskleidung.de\/shop\/wp-json\/wp\/v2\/product_cat?post=89769"},{"taxonomy":"product_tag","embeddable":true,"href":"https:\/\/arbeitskleidung.de\/shop\/wp-json\/wp\/v2\/product_tag?post=89769"}],"curies":[{"name":"wp","href":"https:\/\/api.w.org\/{rel}","templated":true}]}}