{"id":89898,"date":"2022-03-07T10:10:20","date_gmt":"2022-03-07T08:10:20","guid":{"rendered":"https:\/\/arbeitskleidung.de\/shop\/produkt\/elysee-softshell-jacke-3"},"modified":"2022-03-07T10:10:21","modified_gmt":"2022-03-07T08:10:21","slug":"elysee-softshell-jacke-3","status":"publish","type":"product","link":"https:\/\/arbeitskleidung.de\/shop\/produkt\/elysee-softshell-jacke-3","title":{"rendered":"Elysee Softshell Jacke"},"content":{"rendered":"<p><strong>Elysee Softshell Jacke<\/strong><br \/>\nNorm EN 471, Klasse 2 EN 340<br \/>\nObermaterial: 100 % Polyester<br \/>\n3-Lagenlaminat <\/p>\n<p>Material ist wind- und wasserdicht,<br \/>\nhoch atmungsaktiv durch 3-Lagenlaminat,<br \/>\nalle Rei\u00dfverschl\u00fcsse wasserdicht,<br \/>\nangenehm zu tragen durch<br \/>\nFleecematerial innen in der Jacke,<br \/>\nReflexmaterial vorne, hinten, Schulter und \u00c4rmel,<br \/>\nherausnehmbare \u00c4rmel mit<br \/>\nverstellbarem \u00c4rmelsaum,<br \/>\nSaum weitenverstellbar,<br \/>\n2 Taschen \u00fcber dem Saum,<br \/>\n1 Brusttasche,<br \/>\n2 Innentaschen.<\/p>\n","protected":false},"excerpt":{"rendered":"<p>Elysee Softshell Jacke Norm EN 471, Klasse 2 EN 340 Obermaterial: 100 % Polyester 3-Lagenlaminat Material ist wind- und wasserdicht, hoch atmungsaktiv durch 3-Lagenlaminat, alle Rei\u00dfverschl\u00fcsse wasserdicht, angenehm zu tragen durch Fleecematerial innen in der Jacke, Reflexmaterial vorne, hinten, Schulter und \u00c4rmel, herausnehmbare \u00c4rmel mit verstellbarem \u00c4rmelsaum, Saum weitenverstellbar, 2 Taschen \u00fcber dem Saum, 1 [&hellip;]<\/p>\n","protected":false},"featured_media":89911,"comment_status":"open","ping_status":"open","template":"","meta":[],"product_cat":[3255,823,3361,3272],"product_tag":[2774,2867],"class_list":["post-89898","product","type-product","status-publish","has-post-thumbnail","hentry","product_cat-warnbekleidung","product_cat-industrie-handwerk","product_cat-elysee-warnschutzbekleidung","product_cat-elysee-kollektion","product_tag-elysee","product_tag-jacke","pa_farbe-gelb","pa_farbe-orange","pa_groesse-l","pa_groesse-m","pa_groesse-s","pa_groesse-xl","pa_groesse-xxl","pa_groesse-xxxl","pa_hersteller-elysee"],"_links":{"self":[{"href":"https:\/\/arbeitskleidung.de\/shop\/wp-json\/wp\/v2\/product\/89898"}],"collection":[{"href":"https:\/\/arbeitskleidung.de\/shop\/wp-json\/wp\/v2\/product"}],"about":[{"href":"https:\/\/arbeitskleidung.de\/shop\/wp-json\/wp\/v2\/types\/product"}],"replies":[{"embeddable":true,"href":"https:\/\/arbeitskleidung.de\/shop\/wp-json\/wp\/v2\/comments?post=89898"}],"wp:featuredmedia":[{"embeddable":true,"href":"https:\/\/arbeitskleidung.de\/shop\/wp-json\/wp\/v2\/media\/89911"}],"wp:attachment":[{"href":"https:\/\/arbeitskleidung.de\/shop\/wp-json\/wp\/v2\/media?parent=89898"}],"wp:term":[{"taxonomy":"product_cat","embeddable":true,"href":"https:\/\/arbeitskleidung.de\/shop\/wp-json\/wp\/v2\/product_cat?post=89898"},{"taxonomy":"product_tag","embeddable":true,"href":"https:\/\/arbeitskleidung.de\/shop\/wp-json\/wp\/v2\/product_tag?post=89898"}],"curies":[{"name":"wp","href":"https:\/\/api.w.org\/{rel}","templated":true}]}}