{"id":89923,"date":"2018-05-08T07:39:21","date_gmt":"2018-05-08T06:39:21","guid":{"rendered":"https:\/\/arbeitskleidung.de\/shop\/produkt\/elyseewarnschutz-winter-softshell-jacke-mit-kapuze"},"modified":"2018-05-08T07:39:21","modified_gmt":"2018-05-08T06:39:21","slug":"elysee-warnschutz-winter-softshell-jacke-mit-kapuze","status":"publish","type":"product","link":"https:\/\/arbeitskleidung.de\/shop\/produkt\/elysee-warnschutz-winter-softshell-jacke-mit-kapuze","title":{"rendered":"Elysee Warnschutz-Winter Softshell Jacke mit Kapuze"},"content":{"rendered":"<p><strong>Elysee Warnschutz-Winter Softshell Jacke mit Kapuze<\/strong><br \/>\nNorm EN ISO 20471 Klasse 3, EN ISO 13688<br \/>\nObermaterial 100 % Polyester, 3-Lagenlaminat (Softshell)<br \/>\nAtmungsaktivit\u00e4t 1.000 g\/m\u00b2\/24h<br \/>\nWassers\u00e4ule 5.000 mm<br \/>\nFutter 100 % Polyester<\/p>\n<p>Softshell-Material ist wind- und wasserdicht, sowie atmungsaktiv durch 3-Lagenlaminat<br \/>\nrobuster YKK\u00ae Front-Rei\u00dfverschluss mit Patte<br \/>\nhoch abriebfestes, robustes Softshellmaterial<br \/>\nthermofixierte Reflexstreifen, dadurch keine zus\u00e4tzlichen N\u00e4hte<br \/>\nReflexstreifen aus 3M Scotchlite 5510 Reflexmaterial<br \/>\nherausnehmbares, w\u00e4rmendes Stepp-Innenfutter mit Strickb\u00fcndchen an den Manschetten<br \/>\nAu\u00dfenjacke mit weicher, bequemer Fleece- Innenseite<br \/>\nReflexmaterial vorne, hinten, Schulter und \u00c4rmel<br \/>\nweitenverstellbarer Saum und \u00c4rmelsaum<br \/>\nabnehmbare\/verstellbare Kapuze<br \/>\neinfache Emblemanbringung<br \/>\nTaschen:<br \/>\n2 Taschen \u00fcber dem Saum<br \/>\n1 Brusttasche<br \/>\n1 Innentaschen im Futter<\/p>\n","protected":false},"excerpt":{"rendered":"<p>Elysee Warnschutz-Winter Softshell Jacke mit Kapuze Norm EN ISO 20471 Klasse 3, EN ISO 13688 Obermaterial 100 % Polyester, 3-Lagenlaminat (Softshell) Atmungsaktivit\u00e4t 1.000 g\/m\u00b2\/24h Wassers\u00e4ule 5.000 mm Futter 100 % Polyester Softshell-Material ist wind- und wasserdicht, sowie atmungsaktiv durch 3-Lagenlaminat robuster YKK\u00ae Front-Rei\u00dfverschluss mit Patte hoch abriebfestes, robustes Softshellmaterial thermofixierte Reflexstreifen, dadurch keine zus\u00e4tzlichen N\u00e4hte [&hellip;]<\/p>\n","protected":false},"featured_media":89936,"comment_status":"open","ping_status":"open","template":"","meta":[],"product_cat":[823,3361,3272],"product_tag":[2774,2867],"class_list":["post-89923","product","type-product","status-publish","has-post-thumbnail","hentry","product_cat-industrie-handwerk","product_cat-elysee-warnschutzbekleidung","product_cat-elysee-kollektion","product_tag-elysee","product_tag-jacke","pa_farbe-gelb","pa_farbe-orange","pa_groesse-3-xl","pa_groesse-l","pa_groesse-m","pa_groesse-s","pa_groesse-xl","pa_groesse-xxl","pa_hersteller-elysee"],"_links":{"self":[{"href":"https:\/\/arbeitskleidung.de\/shop\/wp-json\/wp\/v2\/product\/89923"}],"collection":[{"href":"https:\/\/arbeitskleidung.de\/shop\/wp-json\/wp\/v2\/product"}],"about":[{"href":"https:\/\/arbeitskleidung.de\/shop\/wp-json\/wp\/v2\/types\/product"}],"replies":[{"embeddable":true,"href":"https:\/\/arbeitskleidung.de\/shop\/wp-json\/wp\/v2\/comments?post=89923"}],"wp:featuredmedia":[{"embeddable":true,"href":"https:\/\/arbeitskleidung.de\/shop\/wp-json\/wp\/v2\/media\/89936"}],"wp:attachment":[{"href":"https:\/\/arbeitskleidung.de\/shop\/wp-json\/wp\/v2\/media?parent=89923"}],"wp:term":[{"taxonomy":"product_cat","embeddable":true,"href":"https:\/\/arbeitskleidung.de\/shop\/wp-json\/wp\/v2\/product_cat?post=89923"},{"taxonomy":"product_tag","embeddable":true,"href":"https:\/\/arbeitskleidung.de\/shop\/wp-json\/wp\/v2\/product_tag?post=89923"}],"curies":[{"name":"wp","href":"https:\/\/api.w.org\/{rel}","templated":true}]}}