{"id":89953,"date":"2022-03-07T10:10:39","date_gmt":"2022-03-07T08:10:39","guid":{"rendered":"https:\/\/arbeitskleidung.de\/shop\/produkt\/regen-bundhose"},"modified":"2022-03-07T10:10:40","modified_gmt":"2022-03-07T08:10:40","slug":"regen-bundhose","status":"publish","type":"product","link":"https:\/\/arbeitskleidung.de\/shop\/produkt\/regen-bundhose","title":{"rendered":"Regen-Bundhose"},"content":{"rendered":"<p><strong>Regen-Bundhose<\/strong><br \/>\nNorm EN 471 Klasse 1,<br \/>\nEN 343 Klasse 1, EN 340<br \/>\nObermaterial 100% Polyester, Oxford PU-beschichtet <\/p>\n<p>atmungsaktiv, wind- und wasserdicht,<br \/>\nN\u00e4hte getaped,<br \/>\nrobustes Oxfordgewebe,<br \/>\nTaillengummi sorgt f\u00fcr bequemen Halt,<br \/>\n2 Kn\u00f6pfe am Bund regulieren die<br \/>\nTaillenweite,<br \/>\nEinsatz am Innenbein mit Rei\u00dfverschluss,<br \/>\nTaschenausf\u00fchrung zum Durchgreifen.<\/p>\n","protected":false},"excerpt":{"rendered":"<p>Regen-Bundhose Norm EN 471 Klasse 1, EN 343 Klasse 1, EN 340 Obermaterial 100% Polyester, Oxford PU-beschichtet atmungsaktiv, wind- und wasserdicht, N\u00e4hte getaped, robustes Oxfordgewebe, Taillengummi sorgt f\u00fcr bequemen Halt, 2 Kn\u00f6pfe am Bund regulieren die Taillenweite, Einsatz am Innenbein mit Rei\u00dfverschluss, Taschenausf\u00fchrung zum Durchgreifen.<\/p>\n","protected":false},"featured_media":89966,"comment_status":"open","ping_status":"open","template":"","meta":[],"product_cat":[3255,823,3361,3272],"product_tag":[2774,3199,3384],"class_list":["post-89953","product","type-product","status-publish","has-post-thumbnail","hentry","product_cat-warnbekleidung","product_cat-industrie-handwerk","product_cat-elysee-warnschutzbekleidung","product_cat-elysee-kollektion","product_tag-elysee","product_tag-bundhose","product_tag-safestyle","pa_farbe-gelb","pa_farbe-orange","pa_groesse-3-xl","pa_groesse-l","pa_groesse-m","pa_groesse-s","pa_groesse-xl","pa_groesse-xxl","pa_hersteller-safestyle"],"_links":{"self":[{"href":"https:\/\/arbeitskleidung.de\/shop\/wp-json\/wp\/v2\/product\/89953"}],"collection":[{"href":"https:\/\/arbeitskleidung.de\/shop\/wp-json\/wp\/v2\/product"}],"about":[{"href":"https:\/\/arbeitskleidung.de\/shop\/wp-json\/wp\/v2\/types\/product"}],"replies":[{"embeddable":true,"href":"https:\/\/arbeitskleidung.de\/shop\/wp-json\/wp\/v2\/comments?post=89953"}],"wp:featuredmedia":[{"embeddable":true,"href":"https:\/\/arbeitskleidung.de\/shop\/wp-json\/wp\/v2\/media\/89966"}],"wp:attachment":[{"href":"https:\/\/arbeitskleidung.de\/shop\/wp-json\/wp\/v2\/media?parent=89953"}],"wp:term":[{"taxonomy":"product_cat","embeddable":true,"href":"https:\/\/arbeitskleidung.de\/shop\/wp-json\/wp\/v2\/product_cat?post=89953"},{"taxonomy":"product_tag","embeddable":true,"href":"https:\/\/arbeitskleidung.de\/shop\/wp-json\/wp\/v2\/product_tag?post=89953"}],"curies":[{"name":"wp","href":"https:\/\/api.w.org\/{rel}","templated":true}]}}