{"id":90359,"date":"2020-10-08T15:47:41","date_gmt":"2020-10-08T13:47:41","guid":{"rendered":"https:\/\/arbeitskleidung.de\/shop\/produkt\/pu-regenlatzhose"},"modified":"2020-10-08T15:47:42","modified_gmt":"2020-10-08T13:47:42","slug":"pu-regenlatzhose","status":"publish","type":"product","link":"https:\/\/arbeitskleidung.de\/shop\/produkt\/pu-regenlatzhose","title":{"rendered":"PU-Regenlatzhose"},"content":{"rendered":"<p><strong>PU-Regenlatzhose<\/strong><br \/>\natmungsaktiv<br \/>\nMaterial: PU auf Polyester-Tr\u00e4gergewebe<br \/>\nWassers\u00e4ule: 8.000 mm<br \/>\nGewicht ca. 190 g\/m\u00b2 <\/p>\n<p>Obermaterial gepr\u00fcft nach EN 343<br \/>\natmungsaktiv, wind- und wasserdicht &#8211;<br \/>\nextrem leichtes, geschmeidiges Material,<br \/>\ndehnbar in L\u00e4ngs- und Querrichtung,<br \/>\nN\u00e4hte doppelt verschwei\u00dft,<br \/>\nHosenbeinabschluss verstellbar mittels Klettlasche,<br \/>\nSeiten-Rei\u00dfverschluss im Hosenbeinabschluss,<br \/>\nelastische Tr\u00e4ger mit verstellbaren,<br \/>\nSchnellverschluss-Schnallen auf Front und R\u00fccken,<br \/>\nWeitenverstellung in der Taille,<\/p>\n","protected":false},"excerpt":{"rendered":"<p>PU-Regenlatzhose atmungsaktiv Material: PU auf Polyester-Tr\u00e4gergewebe Wassers\u00e4ule: 8.000 mm Gewicht ca. 190 g\/m\u00b2 Obermaterial gepr\u00fcft nach EN 343 atmungsaktiv, wind- und wasserdicht &#8211; extrem leichtes, geschmeidiges Material, dehnbar in L\u00e4ngs- und Querrichtung, N\u00e4hte doppelt verschwei\u00dft, Hosenbeinabschluss verstellbar mittels Klettlasche, Seiten-Rei\u00dfverschluss im Hosenbeinabschluss, elastische Tr\u00e4ger mit verstellbaren, Schnellverschluss-Schnallen auf Front und R\u00fccken, Weitenverstellung in der Taille,<\/p>\n","protected":false},"featured_media":90372,"comment_status":"open","ping_status":"open","template":"","meta":[],"product_cat":[823,3277],"product_tag":[2791],"class_list":["post-90359","product","type-product","status-publish","has-post-thumbnail","hentry","product_cat-industrie-handwerk","product_cat-schlechtwetterkleidung","product_tag-arbeitskleidung","pa_farbe-gelb","pa_farbe-oliv","pa_groesse-l","pa_groesse-m","pa_groesse-s","pa_groesse-xl","pa_groesse-xxl","pa_groesse-xxxl","pa_hersteller-arbeitskleidung"],"_links":{"self":[{"href":"https:\/\/arbeitskleidung.de\/shop\/wp-json\/wp\/v2\/product\/90359"}],"collection":[{"href":"https:\/\/arbeitskleidung.de\/shop\/wp-json\/wp\/v2\/product"}],"about":[{"href":"https:\/\/arbeitskleidung.de\/shop\/wp-json\/wp\/v2\/types\/product"}],"replies":[{"embeddable":true,"href":"https:\/\/arbeitskleidung.de\/shop\/wp-json\/wp\/v2\/comments?post=90359"}],"wp:featuredmedia":[{"embeddable":true,"href":"https:\/\/arbeitskleidung.de\/shop\/wp-json\/wp\/v2\/media\/90372"}],"wp:attachment":[{"href":"https:\/\/arbeitskleidung.de\/shop\/wp-json\/wp\/v2\/media?parent=90359"}],"wp:term":[{"taxonomy":"product_cat","embeddable":true,"href":"https:\/\/arbeitskleidung.de\/shop\/wp-json\/wp\/v2\/product_cat?post=90359"},{"taxonomy":"product_tag","embeddable":true,"href":"https:\/\/arbeitskleidung.de\/shop\/wp-json\/wp\/v2\/product_tag?post=90359"}],"curies":[{"name":"wp","href":"https:\/\/api.w.org\/{rel}","templated":true}]}}