{"id":90432,"date":"2016-11-29T19:14:38","date_gmt":"2016-11-29T18:14:38","guid":{"rendered":"https:\/\/arbeitskleidung.de\/shop\/produkt\/gehoerschutz-stoepsel"},"modified":"2016-11-29T19:14:38","modified_gmt":"2016-11-29T18:14:38","slug":"gehoerschutz-stoepsel","status":"publish","type":"product","link":"https:\/\/arbeitskleidung.de\/shop\/produkt\/gehoerschutz-stoepsel","title":{"rendered":"Geh\u00f6rschutz- St\u00f6psel"},"content":{"rendered":"<p><strong>Geh\u00f6rschutz- St\u00f6psel<\/strong><br \/>\nTaschenpackung, 5 Paar pro Packung<br \/>\nSNR- Wert 28 db<br \/>\nNorm : EN 352- 2<\/p>\n","protected":false},"excerpt":{"rendered":"<p>Geh\u00f6rschutz- St\u00f6psel Taschenpackung, 5 Paar pro Packung SNR- Wert 28 db Norm : EN 352- 2<\/p>\n","protected":false},"featured_media":90433,"comment_status":"open","ping_status":"open","template":"","meta":[],"product_cat":[823,3362],"product_tag":[2791,3416,3417],"class_list":["post-90432","product","type-product","status-publish","has-post-thumbnail","hentry","product_cat-industrie-handwerk","product_cat-kopfschutz","product_tag-arbeitskleidung","product_tag-kopfschutz","product_tag-gehoerschutz","pa_hersteller-arbeitskleidung"],"_links":{"self":[{"href":"https:\/\/arbeitskleidung.de\/shop\/wp-json\/wp\/v2\/product\/90432"}],"collection":[{"href":"https:\/\/arbeitskleidung.de\/shop\/wp-json\/wp\/v2\/product"}],"about":[{"href":"https:\/\/arbeitskleidung.de\/shop\/wp-json\/wp\/v2\/types\/product"}],"replies":[{"embeddable":true,"href":"https:\/\/arbeitskleidung.de\/shop\/wp-json\/wp\/v2\/comments?post=90432"}],"wp:featuredmedia":[{"embeddable":true,"href":"https:\/\/arbeitskleidung.de\/shop\/wp-json\/wp\/v2\/media\/90433"}],"wp:attachment":[{"href":"https:\/\/arbeitskleidung.de\/shop\/wp-json\/wp\/v2\/media?parent=90432"}],"wp:term":[{"taxonomy":"product_cat","embeddable":true,"href":"https:\/\/arbeitskleidung.de\/shop\/wp-json\/wp\/v2\/product_cat?post=90432"},{"taxonomy":"product_tag","embeddable":true,"href":"https:\/\/arbeitskleidung.de\/shop\/wp-json\/wp\/v2\/product_tag?post=90432"}],"curies":[{"name":"wp","href":"https:\/\/api.w.org\/{rel}","templated":true}]}}