{"id":90434,"date":"2016-11-29T19:14:40","date_gmt":"2016-11-29T18:14:40","guid":{"rendered":"https:\/\/arbeitskleidung.de\/shop\/produkt\/kapselgehoerschutz-optime-iii"},"modified":"2023-01-03T13:35:36","modified_gmt":"2023-01-03T11:35:36","slug":"kapselgehoerschutz-optime-iii","status":"publish","type":"product","link":"https:\/\/arbeitskleidung.de\/shop\/produkt\/kapselgehoerschutz-optime-iii","title":{"rendered":"Kapselgeh\u00f6rschutz OPTIME III"},"content":{"rendered":"<p><strong>Kapselgeh\u00f6rschutz OPTIME III<\/strong><br \/>\nextra breiter Kopfb\u00fcgel<br \/>\nfedernde B\u00fcgeldr\u00e4hte aus rostfreiem Federstahl<br \/>\nZweipunkt-Aufh\u00e4ngung<br \/>\nstufenlose H\u00f6henverstellung<br \/>\nbreite, weiche Dichtungsringe<br \/>\nf\u00fcr extreme L\u00e4rmbelastung<br \/>\nNorm: EN 352-1<br \/>\nGewicht: ca. 285 g<br \/>\nFarbe: schwarz\/rot<br \/>\nSNR-Wert: 35 dB<\/p>\n","protected":false},"excerpt":{"rendered":"<p>Kapselgeh\u00f6rschutz OPTIME III extra breiter Kopfb\u00fcgel federnde B\u00fcgeldr\u00e4hte aus rostfreiem Federstahl Zweipunkt-Aufh\u00e4ngung stufenlose H\u00f6henverstellung breite, weiche Dichtungsringe f\u00fcr extreme L\u00e4rmbelastung Norm: EN 352-1 Gewicht: ca. 285 g Farbe: schwarz\/rot SNR-Wert: 35 dB<\/p>\n","protected":false},"featured_media":90435,"comment_status":"open","ping_status":"closed","template":"","meta":[],"product_cat":[823,3362],"product_tag":[2791,3416],"class_list":["post-90434","product","type-product","status-publish","has-post-thumbnail","hentry","product_cat-industrie-handwerk","product_cat-kopfschutz","product_tag-arbeitskleidung","product_tag-kopfschutz","pa_hersteller-arbeitskleidung"],"_links":{"self":[{"href":"https:\/\/arbeitskleidung.de\/shop\/wp-json\/wp\/v2\/product\/90434"}],"collection":[{"href":"https:\/\/arbeitskleidung.de\/shop\/wp-json\/wp\/v2\/product"}],"about":[{"href":"https:\/\/arbeitskleidung.de\/shop\/wp-json\/wp\/v2\/types\/product"}],"replies":[{"embeddable":true,"href":"https:\/\/arbeitskleidung.de\/shop\/wp-json\/wp\/v2\/comments?post=90434"}],"wp:featuredmedia":[{"embeddable":true,"href":"https:\/\/arbeitskleidung.de\/shop\/wp-json\/wp\/v2\/media\/90435"}],"wp:attachment":[{"href":"https:\/\/arbeitskleidung.de\/shop\/wp-json\/wp\/v2\/media?parent=90434"}],"wp:term":[{"taxonomy":"product_cat","embeddable":true,"href":"https:\/\/arbeitskleidung.de\/shop\/wp-json\/wp\/v2\/product_cat?post=90434"},{"taxonomy":"product_tag","embeddable":true,"href":"https:\/\/arbeitskleidung.de\/shop\/wp-json\/wp\/v2\/product_tag?post=90434"}],"curies":[{"name":"wp","href":"https:\/\/api.w.org\/{rel}","templated":true}]}}