{"id":90436,"date":"2016-11-29T19:14:41","date_gmt":"2016-11-29T18:14:41","guid":{"rendered":"https:\/\/arbeitskleidung.de\/shop\/produkt\/kapselgehoerschutz-optime-i"},"modified":"2023-01-03T13:33:17","modified_gmt":"2023-01-03T11:33:17","slug":"kapselgehoerschutz-optime-i","status":"publish","type":"product","link":"https:\/\/arbeitskleidung.de\/shop\/produkt\/kapselgehoerschutz-optime-i","title":{"rendered":"Kapselgeh\u00f6rschutz OPTIME I"},"content":{"rendered":"<p><strong>Kapselgeh\u00f6rschutz OPTIME I<\/strong><br \/>\nextra breiter Kopfb\u00fcgel,<br \/>\nfedernde B\u00fcgeldr\u00e4hte aus rostfreiem Federstahl,<br \/>\nZweipunkt-Aufh\u00e4ngung,<br \/>\nstufenlose H\u00f6henverstellung,<br \/>\nbreite, weiche Dichtungsringe,<br \/>\nvielseitig und leicht,<br \/>\nDichtungsringe mit Glyzerin gef\u00fcllt.<br \/>\nNorm EN 352-1<br \/>\nFarbe gelb<br \/>\nSNR-Wert 27 dB<\/p>\n","protected":false},"excerpt":{"rendered":"<p>Kapselgeh\u00f6rschutz OPTIME I extra breiter Kopfb\u00fcgel, federnde B\u00fcgeldr\u00e4hte aus rostfreiem Federstahl, Zweipunkt-Aufh\u00e4ngung, stufenlose H\u00f6henverstellung, breite, weiche Dichtungsringe, vielseitig und leicht, Dichtungsringe mit Glyzerin gef\u00fcllt. Norm EN 352-1 Farbe gelb SNR-Wert 27 dB<\/p>\n","protected":false},"featured_media":90437,"comment_status":"open","ping_status":"closed","template":"","meta":[],"product_cat":[823,3362],"product_tag":[2791,3416],"class_list":["post-90436","product","type-product","status-publish","has-post-thumbnail","hentry","product_cat-industrie-handwerk","product_cat-kopfschutz","product_tag-arbeitskleidung","product_tag-kopfschutz","pa_hersteller-arbeitskleidung"],"_links":{"self":[{"href":"https:\/\/arbeitskleidung.de\/shop\/wp-json\/wp\/v2\/product\/90436"}],"collection":[{"href":"https:\/\/arbeitskleidung.de\/shop\/wp-json\/wp\/v2\/product"}],"about":[{"href":"https:\/\/arbeitskleidung.de\/shop\/wp-json\/wp\/v2\/types\/product"}],"replies":[{"embeddable":true,"href":"https:\/\/arbeitskleidung.de\/shop\/wp-json\/wp\/v2\/comments?post=90436"}],"wp:featuredmedia":[{"embeddable":true,"href":"https:\/\/arbeitskleidung.de\/shop\/wp-json\/wp\/v2\/media\/90437"}],"wp:attachment":[{"href":"https:\/\/arbeitskleidung.de\/shop\/wp-json\/wp\/v2\/media?parent=90436"}],"wp:term":[{"taxonomy":"product_cat","embeddable":true,"href":"https:\/\/arbeitskleidung.de\/shop\/wp-json\/wp\/v2\/product_cat?post=90436"},{"taxonomy":"product_tag","embeddable":true,"href":"https:\/\/arbeitskleidung.de\/shop\/wp-json\/wp\/v2\/product_tag?post=90436"}],"curies":[{"name":"wp","href":"https:\/\/api.w.org\/{rel}","templated":true}]}}