{"id":90438,"date":"2016-11-29T19:14:43","date_gmt":"2016-11-29T18:14:43","guid":{"rendered":"https:\/\/arbeitskleidung.de\/shop\/produkt\/kaspelgehoerschutz"},"modified":"2016-11-29T19:14:43","modified_gmt":"2016-11-29T18:14:43","slug":"kaspelgehoerschutz","status":"publish","type":"product","link":"https:\/\/arbeitskleidung.de\/shop\/produkt\/kaspelgehoerschutz","title":{"rendered":"Kaspelgeh\u00f6rschutz"},"content":{"rendered":"<p><strong>Kaspelgeh\u00f6rschutz<\/strong><br \/>\nsehr leicht, \u00e4u\u00dferst komfortabel, Kopfb\u00fcgel aus<br \/>\nunzerbrechlichen Spezialkunststoff, sehr weiche<br \/>\nOhrpolster, angenehmer Anpressdruck,<br \/>\nSNR- Wert 23 db<br \/>\nNorm : EN 352- 1<br \/>\nFarbe : Gr\u00fcn<\/p>\n","protected":false},"excerpt":{"rendered":"<p>Kaspelgeh\u00f6rschutz sehr leicht, \u00e4u\u00dferst komfortabel, Kopfb\u00fcgel aus unzerbrechlichen Spezialkunststoff, sehr weiche Ohrpolster, angenehmer Anpressdruck, SNR- Wert 23 db Norm : EN 352- 1 Farbe : Gr\u00fcn<\/p>\n","protected":false},"featured_media":90439,"comment_status":"open","ping_status":"open","template":"","meta":[],"product_cat":[823,3362],"product_tag":[3416,2791],"class_list":["post-90438","product","type-product","status-publish","has-post-thumbnail","hentry","product_cat-industrie-handwerk","product_cat-kopfschutz","product_tag-kopfschutz","product_tag-arbeitskleidung","pa_hersteller-arbeitskleidung"],"_links":{"self":[{"href":"https:\/\/arbeitskleidung.de\/shop\/wp-json\/wp\/v2\/product\/90438"}],"collection":[{"href":"https:\/\/arbeitskleidung.de\/shop\/wp-json\/wp\/v2\/product"}],"about":[{"href":"https:\/\/arbeitskleidung.de\/shop\/wp-json\/wp\/v2\/types\/product"}],"replies":[{"embeddable":true,"href":"https:\/\/arbeitskleidung.de\/shop\/wp-json\/wp\/v2\/comments?post=90438"}],"wp:featuredmedia":[{"embeddable":true,"href":"https:\/\/arbeitskleidung.de\/shop\/wp-json\/wp\/v2\/media\/90439"}],"wp:attachment":[{"href":"https:\/\/arbeitskleidung.de\/shop\/wp-json\/wp\/v2\/media?parent=90438"}],"wp:term":[{"taxonomy":"product_cat","embeddable":true,"href":"https:\/\/arbeitskleidung.de\/shop\/wp-json\/wp\/v2\/product_cat?post=90438"},{"taxonomy":"product_tag","embeddable":true,"href":"https:\/\/arbeitskleidung.de\/shop\/wp-json\/wp\/v2\/product_tag?post=90438"}],"curies":[{"name":"wp","href":"https:\/\/api.w.org\/{rel}","templated":true}]}}