{"id":90441,"date":"2016-11-29T19:14:45","date_gmt":"2016-11-29T18:14:45","guid":{"rendered":"https:\/\/arbeitskleidung.de\/shop\/produkt\/buegelgehoerschutz"},"modified":"2016-11-29T19:14:45","modified_gmt":"2016-11-29T18:14:45","slug":"buegelgehoerschutz","status":"publish","type":"product","link":"https:\/\/arbeitskleidung.de\/shop\/produkt\/buegelgehoerschutz","title":{"rendered":"B\u00fcgelgeh\u00f6rschutz"},"content":{"rendered":"<p><strong>B\u00fcgelgeh\u00f6rschutz<\/strong><br \/>\nE-A-R Caps 200<br \/>\nfederleicht, hoher Tragekomfort, nichtleitend,<br \/>\nSNR- Wert 23 db<br \/>\nNorm : EN 352- 2<\/p>\n","protected":false},"excerpt":{"rendered":"<p>B\u00fcgelgeh\u00f6rschutz E-A-R Caps 200 federleicht, hoher Tragekomfort, nichtleitend, SNR- Wert 23 db Norm : EN 352- 2<\/p>\n","protected":false},"featured_media":90442,"comment_status":"open","ping_status":"open","template":"","meta":[],"product_cat":[823,3362],"product_tag":[2775,2791,3416],"class_list":["post-90441","product","type-product","status-publish","has-post-thumbnail","hentry","product_cat-industrie-handwerk","product_cat-kopfschutz","product_tag-caps","product_tag-arbeitskleidung","product_tag-kopfschutz","pa_hersteller-arbeitskleidung"],"_links":{"self":[{"href":"https:\/\/arbeitskleidung.de\/shop\/wp-json\/wp\/v2\/product\/90441"}],"collection":[{"href":"https:\/\/arbeitskleidung.de\/shop\/wp-json\/wp\/v2\/product"}],"about":[{"href":"https:\/\/arbeitskleidung.de\/shop\/wp-json\/wp\/v2\/types\/product"}],"replies":[{"embeddable":true,"href":"https:\/\/arbeitskleidung.de\/shop\/wp-json\/wp\/v2\/comments?post=90441"}],"wp:featuredmedia":[{"embeddable":true,"href":"https:\/\/arbeitskleidung.de\/shop\/wp-json\/wp\/v2\/media\/90442"}],"wp:attachment":[{"href":"https:\/\/arbeitskleidung.de\/shop\/wp-json\/wp\/v2\/media?parent=90441"}],"wp:term":[{"taxonomy":"product_cat","embeddable":true,"href":"https:\/\/arbeitskleidung.de\/shop\/wp-json\/wp\/v2\/product_cat?post=90441"},{"taxonomy":"product_tag","embeddable":true,"href":"https:\/\/arbeitskleidung.de\/shop\/wp-json\/wp\/v2\/product_tag?post=90441"}],"curies":[{"name":"wp","href":"https:\/\/api.w.org\/{rel}","templated":true}]}}