{"id":90512,"date":"2016-11-29T19:15:42","date_gmt":"2016-11-29T18:15:42","guid":{"rendered":"https:\/\/arbeitskleidung.de\/shop\/produkt\/arbeitshandschuh-xiamen"},"modified":"2016-11-29T19:15:42","modified_gmt":"2016-11-29T18:15:42","slug":"arbeitshandschuh-xiamen","status":"publish","type":"product","link":"https:\/\/arbeitskleidung.de\/shop\/produkt\/arbeitshandschuh-xiamen","title":{"rendered":"Arbeitshandschuh XIAMEN"},"content":{"rendered":"<p><strong>Arbeitshandschuh XIAMEN<\/strong><br \/>\nSchwere Qualit\u00e4t, PVC-Noppen<br \/>\nauf der Innenhandseite,<br \/>\ndadurch abriebfest, geeignet<br \/>\nf\u00fcr das Arbeiten mit rutschigen<br \/>\nGegenst\u00e4nden, sicherer Griff,<br \/>\natmungsaktiv, Strickbund,<br \/>\nguter Tragekomfort<br \/>\nMaterial: 100 % Baumwolle, 8oz<br \/>\nFarbe: Rohwei\u00df<\/p>\n","protected":false},"excerpt":{"rendered":"<p>Arbeitshandschuh XIAMEN Schwere Qualit\u00e4t, PVC-Noppen auf der Innenhandseite, dadurch abriebfest, geeignet f\u00fcr das Arbeiten mit rutschigen Gegenst\u00e4nden, sicherer Griff, atmungsaktiv, Strickbund, guter Tragekomfort Material: 100 % Baumwolle, 8oz Farbe: Rohwei\u00df<\/p>\n","protected":false},"featured_media":90514,"comment_status":"open","ping_status":"open","template":"","meta":[],"product_cat":[823,3321],"product_tag":[3322,2791],"class_list":["post-90512","product","type-product","status-publish","has-post-thumbnail","hentry","product_cat-industrie-handwerk","product_cat-arbeitshandschuhe","product_tag-arbeitshandschuhe","product_tag-arbeitskleidung","pa_groesse-3319","pa_hersteller-arbeitskleidung"],"_links":{"self":[{"href":"https:\/\/arbeitskleidung.de\/shop\/wp-json\/wp\/v2\/product\/90512"}],"collection":[{"href":"https:\/\/arbeitskleidung.de\/shop\/wp-json\/wp\/v2\/product"}],"about":[{"href":"https:\/\/arbeitskleidung.de\/shop\/wp-json\/wp\/v2\/types\/product"}],"replies":[{"embeddable":true,"href":"https:\/\/arbeitskleidung.de\/shop\/wp-json\/wp\/v2\/comments?post=90512"}],"wp:featuredmedia":[{"embeddable":true,"href":"https:\/\/arbeitskleidung.de\/shop\/wp-json\/wp\/v2\/media\/90514"}],"wp:attachment":[{"href":"https:\/\/arbeitskleidung.de\/shop\/wp-json\/wp\/v2\/media?parent=90512"}],"wp:term":[{"taxonomy":"product_cat","embeddable":true,"href":"https:\/\/arbeitskleidung.de\/shop\/wp-json\/wp\/v2\/product_cat?post=90512"},{"taxonomy":"product_tag","embeddable":true,"href":"https:\/\/arbeitskleidung.de\/shop\/wp-json\/wp\/v2\/product_tag?post=90512"}],"curies":[{"name":"wp","href":"https:\/\/api.w.org\/{rel}","templated":true}]}}