{"id":90515,"date":"2016-11-29T19:15:44","date_gmt":"2016-11-29T18:15:44","guid":{"rendered":"https:\/\/arbeitskleidung.de\/shop\/produkt\/arbeitshandschuh-mutan"},"modified":"2016-11-29T19:15:44","modified_gmt":"2016-11-29T18:15:44","slug":"arbeitshandschuh-mutan","status":"publish","type":"product","link":"https:\/\/arbeitskleidung.de\/shop\/produkt\/arbeitshandschuh-mutan","title":{"rendered":"Arbeitshandschuh MUTAN"},"content":{"rendered":"<p><strong>Arbeitshandschuh MUTAN<\/strong><br \/>\nStrick &#8211; Handschuh MUTAN<br \/>\n100 % Baumwolle<br \/>\nFeinstrick, nahtlos, sehr<br \/>\ngute Pa\u00dfform, atmungsaktiv,<br \/>\nbeidseitig Tragbar,<br \/>\nStrickbund<br \/>\nFarbe: Rohwei\u00df<br \/>\nGr\u00f6\u00dfen: 8 \/ 10<\/p>\n","protected":false},"excerpt":{"rendered":"<p>Arbeitshandschuh MUTAN Strick &#8211; Handschuh MUTAN 100 % Baumwolle Feinstrick, nahtlos, sehr gute Pa\u00dfform, atmungsaktiv, beidseitig Tragbar, Strickbund Farbe: Rohwei\u00df Gr\u00f6\u00dfen: 8 \/ 10<\/p>\n","protected":false},"featured_media":90518,"comment_status":"open","ping_status":"open","template":"","meta":[],"product_cat":[823,3321],"product_tag":[2791,3322],"class_list":["post-90515","product","type-product","status-publish","has-post-thumbnail","hentry","product_cat-industrie-handwerk","product_cat-arbeitshandschuhe","product_tag-arbeitskleidung","product_tag-arbeitshandschuhe","pa_groesse-3319","pa_groesse-3317","pa_hersteller-arbeitskleidung"],"_links":{"self":[{"href":"https:\/\/arbeitskleidung.de\/shop\/wp-json\/wp\/v2\/product\/90515"}],"collection":[{"href":"https:\/\/arbeitskleidung.de\/shop\/wp-json\/wp\/v2\/product"}],"about":[{"href":"https:\/\/arbeitskleidung.de\/shop\/wp-json\/wp\/v2\/types\/product"}],"replies":[{"embeddable":true,"href":"https:\/\/arbeitskleidung.de\/shop\/wp-json\/wp\/v2\/comments?post=90515"}],"wp:featuredmedia":[{"embeddable":true,"href":"https:\/\/arbeitskleidung.de\/shop\/wp-json\/wp\/v2\/media\/90518"}],"wp:attachment":[{"href":"https:\/\/arbeitskleidung.de\/shop\/wp-json\/wp\/v2\/media?parent=90515"}],"wp:term":[{"taxonomy":"product_cat","embeddable":true,"href":"https:\/\/arbeitskleidung.de\/shop\/wp-json\/wp\/v2\/product_cat?post=90515"},{"taxonomy":"product_tag","embeddable":true,"href":"https:\/\/arbeitskleidung.de\/shop\/wp-json\/wp\/v2\/product_tag?post=90515"}],"curies":[{"name":"wp","href":"https:\/\/api.w.org\/{rel}","templated":true}]}}