{"id":90519,"date":"2016-11-29T19:15:46","date_gmt":"2016-11-29T18:15:46","guid":{"rendered":"https:\/\/arbeitskleidung.de\/shop\/produkt\/arbeitshandschuh-strick-korla"},"modified":"2016-11-29T19:15:46","modified_gmt":"2016-11-29T18:15:46","slug":"arbeitshandschuh-strick-korla","status":"publish","type":"product","link":"https:\/\/arbeitskleidung.de\/shop\/produkt\/arbeitshandschuh-strick-korla","title":{"rendered":"Arbeitshandschuh Strick KORLA"},"content":{"rendered":"<p><strong>Arbeitshandschuh Strick KORLA<\/strong><br \/>\nStrick Handschuh KORLA<br \/>\nNahtlos, sehr gute Pa\u00dfform,<br \/>\natmungsaktiv, PVC &#8211; Noppen auf<br \/>\nder Innenhandfl\u00e4che, dadurch<br \/>\nabriebfest, geeignet f\u00fcr Arbeiten<br \/>\nmit rutschigen Gegenst\u00e4nden,<br \/>\nsicherer Griff, Strickbund<br \/>\nMaterial:<br \/>\n65 % Baumwolle \/ 35 % Polyester<br \/>\nFarbe:<br \/>\nWei\u00df, farbige Noppen<br \/>\nGr\u00f6\u00dfen: 8 \/ 10<\/p>\n","protected":false},"excerpt":{"rendered":"<p>Arbeitshandschuh Strick KORLA Strick Handschuh KORLA Nahtlos, sehr gute Pa\u00dfform, atmungsaktiv, PVC &#8211; Noppen auf der Innenhandfl\u00e4che, dadurch abriebfest, geeignet f\u00fcr Arbeiten mit rutschigen Gegenst\u00e4nden, sicherer Griff, Strickbund Material: 65 % Baumwolle \/ 35 % Polyester Farbe: Wei\u00df, farbige Noppen Gr\u00f6\u00dfen: 8 \/ 10<\/p>\n","protected":false},"featured_media":90522,"comment_status":"open","ping_status":"open","template":"","meta":[],"product_cat":[823,3321],"product_tag":[2791,3322],"class_list":["post-90519","product","type-product","status-publish","has-post-thumbnail","hentry","product_cat-industrie-handwerk","product_cat-arbeitshandschuhe","product_tag-arbeitskleidung","product_tag-arbeitshandschuhe","pa_groesse-3319","pa_groesse-3317","pa_hersteller-arbeitskleidung"],"_links":{"self":[{"href":"https:\/\/arbeitskleidung.de\/shop\/wp-json\/wp\/v2\/product\/90519"}],"collection":[{"href":"https:\/\/arbeitskleidung.de\/shop\/wp-json\/wp\/v2\/product"}],"about":[{"href":"https:\/\/arbeitskleidung.de\/shop\/wp-json\/wp\/v2\/types\/product"}],"replies":[{"embeddable":true,"href":"https:\/\/arbeitskleidung.de\/shop\/wp-json\/wp\/v2\/comments?post=90519"}],"wp:featuredmedia":[{"embeddable":true,"href":"https:\/\/arbeitskleidung.de\/shop\/wp-json\/wp\/v2\/media\/90522"}],"wp:attachment":[{"href":"https:\/\/arbeitskleidung.de\/shop\/wp-json\/wp\/v2\/media?parent=90519"}],"wp:term":[{"taxonomy":"product_cat","embeddable":true,"href":"https:\/\/arbeitskleidung.de\/shop\/wp-json\/wp\/v2\/product_cat?post=90519"},{"taxonomy":"product_tag","embeddable":true,"href":"https:\/\/arbeitskleidung.de\/shop\/wp-json\/wp\/v2\/product_tag?post=90519"}],"curies":[{"name":"wp","href":"https:\/\/api.w.org\/{rel}","templated":true}]}}