{"id":90523,"date":"2016-11-29T19:15:47","date_gmt":"2016-11-29T18:15:47","guid":{"rendered":"https:\/\/arbeitskleidung.de\/shop\/produkt\/winterarbeitshandschuh-typ-eisbaer"},"modified":"2016-11-29T19:15:47","modified_gmt":"2016-11-29T18:15:47","slug":"winterarbeitshandschuh-typ-eisbaer","status":"publish","type":"product","link":"https:\/\/arbeitskleidung.de\/shop\/produkt\/winterarbeitshandschuh-typ-eisbaer","title":{"rendered":"Winterarbeitshandschuh Typ: Eisb\u00e4r"},"content":{"rendered":"<p><strong>Winterarbeitshandschuh Typ: Eisb\u00e4r<\/strong><br \/>\nSpitzen-Qualit\u00e4t,<br \/>\nDoppelnaht, doppelte N\u00e4hte,<br \/>\nkomplett mit Molton gef\u00fcttert,<br \/>\ngummierte Stulpe<br \/>\nSicherheit: CAT. 2<br \/>\nAngenehmer Tragekomfort<br \/>\nGr\u00f6\u00dfe: 11<\/p>\n","protected":false},"excerpt":{"rendered":"<p>Winterarbeitshandschuh Typ: Eisb\u00e4r Spitzen-Qualit\u00e4t, Doppelnaht, doppelte N\u00e4hte, komplett mit Molton gef\u00fcttert, gummierte Stulpe Sicherheit: CAT. 2 Angenehmer Tragekomfort Gr\u00f6\u00dfe: 11<\/p>\n","protected":false},"featured_media":90524,"comment_status":"open","ping_status":"open","template":"","meta":[],"product_cat":[823,3321],"product_tag":[2791,3322],"class_list":["post-90523","product","type-product","status-publish","has-post-thumbnail","hentry","product_cat-industrie-handwerk","product_cat-arbeitshandschuhe","product_tag-arbeitskleidung","product_tag-arbeitshandschuhe","pa_hersteller-arbeitskleidung"],"_links":{"self":[{"href":"https:\/\/arbeitskleidung.de\/shop\/wp-json\/wp\/v2\/product\/90523"}],"collection":[{"href":"https:\/\/arbeitskleidung.de\/shop\/wp-json\/wp\/v2\/product"}],"about":[{"href":"https:\/\/arbeitskleidung.de\/shop\/wp-json\/wp\/v2\/types\/product"}],"replies":[{"embeddable":true,"href":"https:\/\/arbeitskleidung.de\/shop\/wp-json\/wp\/v2\/comments?post=90523"}],"wp:featuredmedia":[{"embeddable":true,"href":"https:\/\/arbeitskleidung.de\/shop\/wp-json\/wp\/v2\/media\/90524"}],"wp:attachment":[{"href":"https:\/\/arbeitskleidung.de\/shop\/wp-json\/wp\/v2\/media?parent=90523"}],"wp:term":[{"taxonomy":"product_cat","embeddable":true,"href":"https:\/\/arbeitskleidung.de\/shop\/wp-json\/wp\/v2\/product_cat?post=90523"},{"taxonomy":"product_tag","embeddable":true,"href":"https:\/\/arbeitskleidung.de\/shop\/wp-json\/wp\/v2\/product_tag?post=90523"}],"curies":[{"name":"wp","href":"https:\/\/api.w.org\/{rel}","templated":true}]}}