{"id":90526,"date":"2016-11-29T19:15:49","date_gmt":"2016-11-29T18:15:49","guid":{"rendered":"https:\/\/arbeitskleidung.de\/shop\/produkt\/arbeitshandschuhe-schweinsleder"},"modified":"2016-11-29T19:15:49","modified_gmt":"2016-11-29T18:15:49","slug":"arbeitshandschuhe-schweinsleder","status":"publish","type":"product","link":"https:\/\/arbeitskleidung.de\/shop\/produkt\/arbeitshandschuhe-schweinsleder","title":{"rendered":"Arbeitshandschuhe Schweinsleder"},"content":{"rendered":"<p><strong>Arbeitshandschuhe Schweinsleder<\/strong><br \/>\nDiese Handschuhe entsprechen der Baumusterpr\u00fcfung und<br \/>\nsind nach EN 420 und nach EN 388 gepr\u00fcft.<br \/>\nDieser Handschuh ist geeignet f\u00fcr mittlere Risiken.<br \/>\nDer Schutzgrad wird von den anforderungen bestimmt,<br \/>\ndie sein k\u00f6nnen :<br \/>\nmechanischer, chemischer oder temperaturbedingter Art<br \/>\nsowie \u00e4hnlicher Einfl\u00fcsse<br \/>\nDieser Schutzgrad entspricht der Kategorie II der gepr\u00fcften mit Leder<br \/>\nabgedeckten Handschuhbereiche.<br \/>\nDer Handschuh wurde hinsichtlich AZO- Farbstoffe nach \u00d6ko- Tex-Standard 201<br \/>\n\u00fcberpr\u00fcft. nicht nachweisbar<br \/>\n Material : Schweinsvollederhandschuhe,<br \/>\nleicht gef\u00fcttert,<br \/>\nFarbe: Gelb<br \/>\nmit Stoffeinlage.<br \/>\nGr\u00f6\u00dfe: 10,5<\/p>\n","protected":false},"excerpt":{"rendered":"<p>Arbeitshandschuhe Schweinsleder Diese Handschuhe entsprechen der Baumusterpr\u00fcfung und sind nach EN 420 und nach EN 388 gepr\u00fcft. Dieser Handschuh ist geeignet f\u00fcr mittlere Risiken. Der Schutzgrad wird von den anforderungen bestimmt, die sein k\u00f6nnen : mechanischer, chemischer oder temperaturbedingter Art sowie \u00e4hnlicher Einfl\u00fcsse Dieser Schutzgrad entspricht der Kategorie II der gepr\u00fcften mit Leder abgedeckten Handschuhbereiche. [&hellip;]<\/p>\n","protected":false},"featured_media":90527,"comment_status":"open","ping_status":"open","template":"","meta":[],"product_cat":[823,3321],"product_tag":[2791,3322,3364],"class_list":["post-90526","product","type-product","status-publish","has-post-thumbnail","hentry","product_cat-industrie-handwerk","product_cat-arbeitshandschuhe","product_tag-arbeitskleidung","product_tag-arbeitshandschuhe","product_tag-handschuhe","pa_hersteller-arbeitskleidung"],"_links":{"self":[{"href":"https:\/\/arbeitskleidung.de\/shop\/wp-json\/wp\/v2\/product\/90526"}],"collection":[{"href":"https:\/\/arbeitskleidung.de\/shop\/wp-json\/wp\/v2\/product"}],"about":[{"href":"https:\/\/arbeitskleidung.de\/shop\/wp-json\/wp\/v2\/types\/product"}],"replies":[{"embeddable":true,"href":"https:\/\/arbeitskleidung.de\/shop\/wp-json\/wp\/v2\/comments?post=90526"}],"wp:featuredmedia":[{"embeddable":true,"href":"https:\/\/arbeitskleidung.de\/shop\/wp-json\/wp\/v2\/media\/90527"}],"wp:attachment":[{"href":"https:\/\/arbeitskleidung.de\/shop\/wp-json\/wp\/v2\/media?parent=90526"}],"wp:term":[{"taxonomy":"product_cat","embeddable":true,"href":"https:\/\/arbeitskleidung.de\/shop\/wp-json\/wp\/v2\/product_cat?post=90526"},{"taxonomy":"product_tag","embeddable":true,"href":"https:\/\/arbeitskleidung.de\/shop\/wp-json\/wp\/v2\/product_tag?post=90526"}],"curies":[{"name":"wp","href":"https:\/\/api.w.org\/{rel}","templated":true}]}}