{"id":90528,"date":"2016-11-29T19:15:51","date_gmt":"2016-11-29T18:15:51","guid":{"rendered":"https:\/\/arbeitskleidung.de\/shop\/produkt\/arbeitshandschuhe-ziegenleder"},"modified":"2018-04-17T14:01:16","modified_gmt":"2018-04-17T13:01:16","slug":"arbeitshandschuhe-ziegenleder","status":"publish","type":"product","link":"https:\/\/arbeitskleidung.de\/shop\/produkt\/arbeitshandschuhe-ziegenleder","title":{"rendered":"Arbeitshandschuhe Ziegenleder"},"content":{"rendered":"<p><strong>Arbeitshandschuhe Ziegenleder<\/strong><br \/>\nHandschuhe aus Ziegennarbenleder<br \/>\nvon garantiert h\u00f6chster Qualit\u00e4t,<br \/>\nvollst\u00e4ndiges Polyesterfutter,<br \/>\nbesonders geschmeidig,<br \/>\nausgezeichnete Passform,<br \/>\nverst\u00e4rkte Zeigefinger,<br \/>\nHandr\u00fccken aus grauen Nylon,<br \/>\nKlettverschluss.<\/p>\n<p>F\u00fcr kalte Witterung,<br \/>\nwenn besonders gutes<br \/>\nFingerspitzengef\u00fchl erforderlich ist.<\/p>\n","protected":false},"excerpt":{"rendered":"<p>Arbeitshandschuhe Ziegenleder Handschuhe aus Ziegennarbenleder von garantiert h\u00f6chster Qualit\u00e4t, vollst\u00e4ndiges Polyesterfutter, besonders geschmeidig, ausgezeichnete Passform, verst\u00e4rkte Zeigefinger, Handr\u00fccken aus grauen Nylon, Klettverschluss. F\u00fcr kalte Witterung, wenn besonders gutes Fingerspitzengef\u00fchl erforderlich ist.<\/p>\n","protected":false},"featured_media":90535,"comment_status":"open","ping_status":"closed","template":"","meta":[],"product_cat":[823,3312,3321],"product_tag":[3322,3364,3423],"class_list":["post-90528","product","type-product","status-publish","has-post-thumbnail","hentry","product_cat-industrie-handwerk","product_cat-highlights","product_cat-arbeitshandschuhe","product_tag-arbeitshandschuhe","product_tag-handschuhe","product_tag-tegera","pa_groesse-3319","pa_groesse-3320","pa_groesse-3422","pa_groesse-3365","pa_groesse-3317","pa_groesse-3318","pa_hersteller-tegera"],"_links":{"self":[{"href":"https:\/\/arbeitskleidung.de\/shop\/wp-json\/wp\/v2\/product\/90528"}],"collection":[{"href":"https:\/\/arbeitskleidung.de\/shop\/wp-json\/wp\/v2\/product"}],"about":[{"href":"https:\/\/arbeitskleidung.de\/shop\/wp-json\/wp\/v2\/types\/product"}],"replies":[{"embeddable":true,"href":"https:\/\/arbeitskleidung.de\/shop\/wp-json\/wp\/v2\/comments?post=90528"}],"wp:featuredmedia":[{"embeddable":true,"href":"https:\/\/arbeitskleidung.de\/shop\/wp-json\/wp\/v2\/media\/90535"}],"wp:attachment":[{"href":"https:\/\/arbeitskleidung.de\/shop\/wp-json\/wp\/v2\/media?parent=90528"}],"wp:term":[{"taxonomy":"product_cat","embeddable":true,"href":"https:\/\/arbeitskleidung.de\/shop\/wp-json\/wp\/v2\/product_cat?post=90528"},{"taxonomy":"product_tag","embeddable":true,"href":"https:\/\/arbeitskleidung.de\/shop\/wp-json\/wp\/v2\/product_tag?post=90528"}],"curies":[{"name":"wp","href":"https:\/\/api.w.org\/{rel}","templated":true}]}}