{"id":90564,"date":"2022-03-07T10:10:48","date_gmt":"2022-03-07T08:10:48","guid":{"rendered":"https:\/\/arbeitskleidung.de\/shop\/produkt\/cofra-warnschutz-parka"},"modified":"2022-03-07T10:10:50","modified_gmt":"2022-03-07T08:10:50","slug":"cofra-warnschutz-parka","status":"publish","type":"product","link":"https:\/\/arbeitskleidung.de\/shop\/produkt\/cofra-warnschutz-parka","title":{"rendered":"COFRA Warnschutz- Parka"},"content":{"rendered":"<p><strong>COFRA Warnschutz- Parka<\/strong><br \/>\nEN 340 &#8211; EN 342 &#8211; EN 343 &#8211; EN 471<\/p>\n<p>Beschreibung (Au\u00dfenjacke):<\/p>\n<p>Telefontasche aus elektromagnetisch<br \/>\nisolierendem Stoff E-CARE und Kabellasche<br \/>\nf\u00fcr Freisprecheinrichtung,<br \/>\n3M Reflex Eins\u00e4tze und B\u00e4nder,<br \/>\nmit PU beschichteten N\u00e4hten,<br \/>\n4 gro\u00dfe Vordertasche ,<br \/>\nBrusttaschen &#8211; Innentasche mit Rei\u00dfverschluss,<br \/>\nEllbogenflecken &#8211; ergonomische Gestaltung der \u00c4rmel,<br \/>\njustierbare und l\u00f6sbare Kapuze,<br \/>\n\u00c4rmelb\u00fcndchen, Doppelpatte.<\/p>\n<p>Beschreibung (Innenjacke):<\/p>\n<p>L\u00f6sbare \u00c4rmel mit Rei\u00dfverschluss,<br \/>\n3M Reflex Eins\u00e4tze und B\u00e4nder,<br \/>\nTasche mit PU beschichtetem Rei\u00dfverschluss,<br \/>\n\u00c4rmel &#8211; und Kragenb\u00fcndchen.<\/p>\n<p>Au\u00dfenmischung:<br \/>\n100 % Polyester mit PU gestrichen 200 g\/m\u00b2<br \/>\nFutter: 100 % Polyamid<\/p>\n<p>Innenmischung: 100 % Polyamid<\/p>\n<p>Futter: 100 % Polyamid<\/p>\n<p>Polsterung: 100 % Polyester<\/p>\n<p>Gr\u00f6\u00dfen: 44, 46, 48, 50, 52, 54, 56, 58, 60, 62, 64,<\/p>\n","protected":false},"excerpt":{"rendered":"<p>COFRA Warnschutz- Parka EN 340 &#8211; EN 342 &#8211; EN 343 &#8211; EN 471 Beschreibung (Au\u00dfenjacke): Telefontasche aus elektromagnetisch isolierendem Stoff E-CARE und Kabellasche f\u00fcr Freisprecheinrichtung, 3M Reflex Eins\u00e4tze und B\u00e4nder, mit PU beschichteten N\u00e4hten, 4 gro\u00dfe Vordertasche , Brusttaschen &#8211; Innentasche mit Rei\u00dfverschluss, Ellbogenflecken &#8211; ergonomische Gestaltung der \u00c4rmel, justierbare und l\u00f6sbare Kapuze, \u00c4rmelb\u00fcndchen, [&hellip;]<\/p>\n","protected":false},"featured_media":90587,"comment_status":"open","ping_status":"open","template":"","meta":[],"product_cat":[3255,823,3312],"product_tag":[2872],"class_list":["post-90564","product","type-product","status-publish","has-post-thumbnail","hentry","product_cat-warnbekleidung","product_cat-industrie-handwerk","product_cat-highlights","product_tag-cofra","pa_farbe-gelb","pa_farbe-orange","pa_groesse-2878","pa_groesse-2891","pa_groesse-2939","pa_groesse-3011","pa_groesse-3012","pa_groesse-3013","pa_groesse-3014","pa_groesse-3015","pa_groesse-3016","pa_groesse-3017","pa_groesse-3018","pa_hersteller-cofra"],"_links":{"self":[{"href":"https:\/\/arbeitskleidung.de\/shop\/wp-json\/wp\/v2\/product\/90564"}],"collection":[{"href":"https:\/\/arbeitskleidung.de\/shop\/wp-json\/wp\/v2\/product"}],"about":[{"href":"https:\/\/arbeitskleidung.de\/shop\/wp-json\/wp\/v2\/types\/product"}],"replies":[{"embeddable":true,"href":"https:\/\/arbeitskleidung.de\/shop\/wp-json\/wp\/v2\/comments?post=90564"}],"wp:featuredmedia":[{"embeddable":true,"href":"https:\/\/arbeitskleidung.de\/shop\/wp-json\/wp\/v2\/media\/90587"}],"wp:attachment":[{"href":"https:\/\/arbeitskleidung.de\/shop\/wp-json\/wp\/v2\/media?parent=90564"}],"wp:term":[{"taxonomy":"product_cat","embeddable":true,"href":"https:\/\/arbeitskleidung.de\/shop\/wp-json\/wp\/v2\/product_cat?post=90564"},{"taxonomy":"product_tag","embeddable":true,"href":"https:\/\/arbeitskleidung.de\/shop\/wp-json\/wp\/v2\/product_tag?post=90564"}],"curies":[{"name":"wp","href":"https:\/\/api.w.org\/{rel}","templated":true}]}}