{"id":90612,"date":"2021-12-13T16:15:29","date_gmt":"2021-12-13T14:15:29","guid":{"rendered":"https:\/\/arbeitskleidung.de\/shop\/produkt\/pilotenjacke"},"modified":"2021-12-13T16:15:30","modified_gmt":"2021-12-13T14:15:30","slug":"pilotenjacke","status":"publish","type":"product","link":"https:\/\/arbeitskleidung.de\/shop\/produkt\/pilotenjacke","title":{"rendered":"Pilotenjacke"},"content":{"rendered":"<p><strong>Pilotenjacke<\/strong><br \/>\nNEUE FARBKOMBINATION<br \/>\nObermaterial:<br \/>\n60 % Baumwolle \/ 40 % Polyester, ca. 265 g\/m\u00b2<br \/>\nTex-Protector\u00ae-beschichtet<br \/>\nFutter: 100 % Polyester<br \/>\nFaserpelz: 70 % Polyacryl \/ 30 % Polyester <\/p>\n<p>Konstruktionsgewebe:<br \/>\ninnen angenehm zu tragende Baumwolle,<br \/>\nau\u00dfen abriebfestes Polyester-Gewebe,<br \/>\nwasser-, \u00f6l- und schmutzabweisend durch<br \/>\nhochwertige Tex-Protector\u00ae-Beschichtung,<br \/>\nKragen, \u00c4rmel und Innenfutter abnehmbar,<\/p>\n<p>Tex-Protector\u00ae-Beschichtung,<br \/>\nerm\u00f6glicht Reinigung und Maschinenw\u00e4sche<br \/>\nbei h\u00f6herer Temperatur,<br \/>\n2- Wege-Rei\u00dfverschluss,<br \/>\nWebfell herausnehmbar,<br \/>\nStrickbund an Saum und \u00c4rmelsaum,<br \/>\n2 Brusttaschen und Tasche f\u00fcr Mobiltelefon,<br \/>\n2 H\u00fcfttaschen, 1 \u00c4rmeltasche,<br \/>\n1 Innentasche.<\/p>\n","protected":false},"excerpt":{"rendered":"<p>Pilotenjacke NEUE FARBKOMBINATION Obermaterial: 60 % Baumwolle \/ 40 % Polyester, ca. 265 g\/m\u00b2 Tex-Protector\u00ae-beschichtet Futter: 100 % Polyester Faserpelz: 70 % Polyacryl \/ 30 % Polyester Konstruktionsgewebe: innen angenehm zu tragende Baumwolle, au\u00dfen abriebfestes Polyester-Gewebe, wasser-, \u00f6l- und schmutzabweisend durch hochwertige Tex-Protector\u00ae-Beschichtung, Kragen, \u00c4rmel und Innenfutter abnehmbar, Tex-Protector\u00ae-Beschichtung, erm\u00f6glicht Reinigung und Maschinenw\u00e4sche bei h\u00f6herer [&hellip;]<\/p>\n","protected":false},"featured_media":90619,"comment_status":"open","ping_status":"open","template":"","meta":[],"product_cat":[823,3700,3312,3366,3278,3252],"product_tag":[2791,3004,3084],"class_list":["post-90612","product","type-product","status-publish","has-post-thumbnail","hentry","product_cat-industrie-handwerk","product_cat-forstschutzkleidung-qualitex-arbeitskleidung","product_cat-highlights","product_cat-forstschutzkleidung","product_cat-winterbekleidung","product_cat-qualitex-arbeitskleidung","product_tag-arbeitskleidung","product_tag-qualitex","product_tag-pilotenjacke","pa_groesse-l","pa_groesse-m","pa_groesse-s","pa_groesse-xl","pa_groesse-xxl","pa_groesse-xxxl","pa_hersteller-arbeitskleidung"],"_links":{"self":[{"href":"https:\/\/arbeitskleidung.de\/shop\/wp-json\/wp\/v2\/product\/90612"}],"collection":[{"href":"https:\/\/arbeitskleidung.de\/shop\/wp-json\/wp\/v2\/product"}],"about":[{"href":"https:\/\/arbeitskleidung.de\/shop\/wp-json\/wp\/v2\/types\/product"}],"replies":[{"embeddable":true,"href":"https:\/\/arbeitskleidung.de\/shop\/wp-json\/wp\/v2\/comments?post=90612"}],"wp:featuredmedia":[{"embeddable":true,"href":"https:\/\/arbeitskleidung.de\/shop\/wp-json\/wp\/v2\/media\/90619"}],"wp:attachment":[{"href":"https:\/\/arbeitskleidung.de\/shop\/wp-json\/wp\/v2\/media?parent=90612"}],"wp:term":[{"taxonomy":"product_cat","embeddable":true,"href":"https:\/\/arbeitskleidung.de\/shop\/wp-json\/wp\/v2\/product_cat?post=90612"},{"taxonomy":"product_tag","embeddable":true,"href":"https:\/\/arbeitskleidung.de\/shop\/wp-json\/wp\/v2\/product_tag?post=90612"}],"curies":[{"name":"wp","href":"https:\/\/api.w.org\/{rel}","templated":true}]}}