{"id":90628,"date":"2021-12-13T16:15:36","date_gmt":"2021-12-13T14:15:36","guid":{"rendered":"https:\/\/arbeitskleidung.de\/shop\/produkt\/schnittschutzbundhose"},"modified":"2021-12-13T16:26:24","modified_gmt":"2021-12-13T14:26:24","slug":"schnittschutzbundhose","status":"publish","type":"product","link":"https:\/\/arbeitskleidung.de\/shop\/produkt\/schnittschutzbundhose","title":{"rendered":"Schnittschutzbundhose"},"content":{"rendered":"<p><strong>Schnittschutzbundhose<\/strong><br \/>\nNorm EN 381-5 Schutzbereich Form A<br \/>\nObermaterial 50 % Baumwolle\/50 % Polyester<br \/>\nFarbe gr\u00fcn, orange abgesetzt <\/p>\n<p>Material ist wasser-\/\u00f6l- und schmutzabweisend<br \/>\nSchnittschutzeinlage,<br \/>\nWarnkeil am Hosensaum,<br \/>\nTaschen:<br \/>\n2 Seitentaschen,<br \/>\n1 Ges\u00e4\u00dftasche,<br \/>\n1 Zollstocktasche.<\/p>\n","protected":false},"excerpt":{"rendered":"<p>Schnittschutzbundhose Norm EN 381-5 Schutzbereich Form A Obermaterial 50 % Baumwolle\/50 % Polyester Farbe gr\u00fcn, orange abgesetzt Material ist wasser-\/\u00f6l- und schmutzabweisend Schnittschutzeinlage, Warnkeil am Hosensaum, Taschen: 2 Seitentaschen, 1 Ges\u00e4\u00dftasche, 1 Zollstocktasche.<\/p>\n","protected":false},"featured_media":90639,"comment_status":"open","ping_status":"open","template":"","meta":[],"product_cat":[823,3700,3366,3252],"product_tag":[2791,3004],"class_list":["post-90628","product","type-product","status-publish","has-post-thumbnail","hentry","product_cat-industrie-handwerk","product_cat-forstschutzkleidung-qualitex-arbeitskleidung","product_cat-forstschutzkleidung","product_cat-qualitex-arbeitskleidung","product_tag-arbeitskleidung","product_tag-qualitex","pa_groesse-2891","pa_groesse-2939","pa_groesse-3011","pa_groesse-3012","pa_groesse-3013","pa_groesse-3014","pa_groesse-3015","pa_groesse-3016","pa_groesse-3017","pa_groesse-3018","pa_hersteller-arbeitskleidung"],"_links":{"self":[{"href":"https:\/\/arbeitskleidung.de\/shop\/wp-json\/wp\/v2\/product\/90628"}],"collection":[{"href":"https:\/\/arbeitskleidung.de\/shop\/wp-json\/wp\/v2\/product"}],"about":[{"href":"https:\/\/arbeitskleidung.de\/shop\/wp-json\/wp\/v2\/types\/product"}],"replies":[{"embeddable":true,"href":"https:\/\/arbeitskleidung.de\/shop\/wp-json\/wp\/v2\/comments?post=90628"}],"wp:featuredmedia":[{"embeddable":true,"href":"https:\/\/arbeitskleidung.de\/shop\/wp-json\/wp\/v2\/media\/90639"}],"wp:attachment":[{"href":"https:\/\/arbeitskleidung.de\/shop\/wp-json\/wp\/v2\/media?parent=90628"}],"wp:term":[{"taxonomy":"product_cat","embeddable":true,"href":"https:\/\/arbeitskleidung.de\/shop\/wp-json\/wp\/v2\/product_cat?post=90628"},{"taxonomy":"product_tag","embeddable":true,"href":"https:\/\/arbeitskleidung.de\/shop\/wp-json\/wp\/v2\/product_tag?post=90628"}],"curies":[{"name":"wp","href":"https:\/\/api.w.org\/{rel}","templated":true}]}}