{"id":90654,"date":"2022-03-07T10:26:20","date_gmt":"2022-03-07T08:26:20","guid":{"rendered":"https:\/\/arbeitskleidung.de\/shop\/produkt\/schweisserschutzhandschuhe"},"modified":"2024-03-11T14:48:31","modified_gmt":"2024-03-11T12:48:31","slug":"schweisserschutzhandschuhe","status":"publish","type":"product","link":"https:\/\/arbeitskleidung.de\/shop\/produkt\/schweisserschutzhandschuhe","title":{"rendered":"Schwei\u00dferschutzhandschuhe"},"content":{"rendered":"<p><strong>Schwei\u00dferschutzhandschuhe<\/strong><br \/>\nDIN EN 12477 Ausf\u00fchrung A<br \/>\nL\u00e4nge: ca.35 cm,<br \/>\nGr\u00f6\u00dfe: 10<br \/>\nLederst\u00e4rke: ca.1,3 mm,<\/p>\n<p>(Farbe kann vom Bild abweichen)<br \/>\nkomplett mit Baumwollfutter,<br \/>\nInnenhand aus superweichem Vollleder,<br \/>\nHandr\u00fccken und Stulpe aus<br \/>\nausgesuchem Kernspaltleder,<br \/>\nbeide Lederarten in Spitzenqualit\u00e4t,<br \/>\nmit Faden der KEVLAR enth\u00e4lt<br \/>\ngen\u00e4ht.<\/p>\n","protected":false},"excerpt":{"rendered":"<p>Schwei\u00dferschutzhandschuhe DIN EN 12477 Ausf\u00fchrung A L\u00e4nge: ca.35 cm, Gr\u00f6\u00dfe: 10 Lederst\u00e4rke: ca.1,3 mm, (Farbe kann vom Bild abweichen) komplett mit Baumwollfutter, Innenhand aus superweichem Vollleder, Handr\u00fccken und Stulpe aus ausgesuchem Kernspaltleder, beide Lederarten in Spitzenqualit\u00e4t, mit Faden der KEVLAR enth\u00e4lt gen\u00e4ht.<\/p>\n","protected":false},"featured_media":90655,"comment_status":"open","ping_status":"closed","template":"","meta":[],"product_cat":[3357,823,3252],"product_tag":[3004,2791],"class_list":["post-90654","product","type-product","status-publish","has-post-thumbnail","hentry","product_cat-schweisserschutzbekleidung","product_cat-industrie-handwerk","product_cat-qualitex-arbeitskleidung","product_tag-qualitex","product_tag-arbeitskleidung","pa_hersteller-arbeitskleidung"],"_links":{"self":[{"href":"https:\/\/arbeitskleidung.de\/shop\/wp-json\/wp\/v2\/product\/90654"}],"collection":[{"href":"https:\/\/arbeitskleidung.de\/shop\/wp-json\/wp\/v2\/product"}],"about":[{"href":"https:\/\/arbeitskleidung.de\/shop\/wp-json\/wp\/v2\/types\/product"}],"replies":[{"embeddable":true,"href":"https:\/\/arbeitskleidung.de\/shop\/wp-json\/wp\/v2\/comments?post=90654"}],"wp:featuredmedia":[{"embeddable":true,"href":"https:\/\/arbeitskleidung.de\/shop\/wp-json\/wp\/v2\/media\/90655"}],"wp:attachment":[{"href":"https:\/\/arbeitskleidung.de\/shop\/wp-json\/wp\/v2\/media?parent=90654"}],"wp:term":[{"taxonomy":"product_cat","embeddable":true,"href":"https:\/\/arbeitskleidung.de\/shop\/wp-json\/wp\/v2\/product_cat?post=90654"},{"taxonomy":"product_tag","embeddable":true,"href":"https:\/\/arbeitskleidung.de\/shop\/wp-json\/wp\/v2\/product_tag?post=90654"}],"curies":[{"name":"wp","href":"https:\/\/api.w.org\/{rel}","templated":true}]}}