{"id":92428,"date":"2019-05-16T13:40:16","date_gmt":"2019-05-16T12:40:16","guid":{"rendered":"https:\/\/arbeitskleidung.de\/shop\/produkt\/esd-sicherheitshalbschuh"},"modified":"2019-11-11T09:55:50","modified_gmt":"2019-11-11T07:55:50","slug":"esd-sicherheitshalbschuh","status":"publish","type":"product","link":"https:\/\/arbeitskleidung.de\/shop\/produkt\/esd-sicherheitshalbschuh","title":{"rendered":"ESD-Sicherheitshalbschuh"},"content":{"rendered":"<p><strong>ESD-Sicherheitshalbschuh<\/strong><br \/>\nDieser sportliche tommi&#8217;s\u00ae-ESD Schuh<br \/>\nzeichnet sich aus durch: <\/p>\n<p>EN ISO 20345 S1 SRC<br \/>\nSchaft aus Veloursleder,<br \/>\ngepolsterte Lasche aus Textilmaterial,<br \/>\nVerschluss durch Textil\u00f6sen,<br \/>\nHinterkappenfutter aus ULTRARESPIRO\u00ae,<br \/>\nherausnehmbares, anatomisches Fu\u00dfbett,<br \/>\natmungsaktives Innenfutter, Kunststoffkappe,<br \/>\n\u00f6l- und s\u00e4urebest\u00e4ndige, rutschhemmende<br \/>\n2-Schichten PU\/PU Laufsohle<br \/>\nESD-Schuh, Anziehhilfe<br \/>\nFarbe schwarz, grau abgesetzt,<br \/>\nSchuhweite 11<\/p>\n","protected":false},"excerpt":{"rendered":"<p>Restpostenverkauf vom Umtausch ausgeschlossen<\/p>\n","protected":false},"featured_media":92433,"comment_status":"open","ping_status":"closed","template":"","meta":[],"product_cat":[823,3256],"product_tag":[3258,3455],"class_list":["post-92428","product","type-product","status-publish","has-post-thumbnail","hentry","product_cat-industrie-handwerk","product_cat-restposten-berufskleidung","product_tag-berufskleidung","product_tag-tommi","pa_groesse-2876","pa_groesse-2898","pa_groesse-2877","pa_groesse-2900","pa_hersteller-tommi"],"_links":{"self":[{"href":"https:\/\/arbeitskleidung.de\/shop\/wp-json\/wp\/v2\/product\/92428"}],"collection":[{"href":"https:\/\/arbeitskleidung.de\/shop\/wp-json\/wp\/v2\/product"}],"about":[{"href":"https:\/\/arbeitskleidung.de\/shop\/wp-json\/wp\/v2\/types\/product"}],"replies":[{"embeddable":true,"href":"https:\/\/arbeitskleidung.de\/shop\/wp-json\/wp\/v2\/comments?post=92428"}],"wp:featuredmedia":[{"embeddable":true,"href":"https:\/\/arbeitskleidung.de\/shop\/wp-json\/wp\/v2\/media\/92433"}],"wp:attachment":[{"href":"https:\/\/arbeitskleidung.de\/shop\/wp-json\/wp\/v2\/media?parent=92428"}],"wp:term":[{"taxonomy":"product_cat","embeddable":true,"href":"https:\/\/arbeitskleidung.de\/shop\/wp-json\/wp\/v2\/product_cat?post=92428"},{"taxonomy":"product_tag","embeddable":true,"href":"https:\/\/arbeitskleidung.de\/shop\/wp-json\/wp\/v2\/product_tag?post=92428"}],"curies":[{"name":"wp","href":"https:\/\/api.w.org\/{rel}","templated":true}]}}