{"id":92459,"date":"2019-05-16T13:40:55","date_gmt":"2019-05-16T12:40:55","guid":{"rendered":"https:\/\/arbeitskleidung.de\/shop\/produkt\/warnschutz-pilotenjacke-2"},"modified":"2019-05-16T13:40:57","modified_gmt":"2019-05-16T12:40:57","slug":"warnschutz-pilotenjacke-2","status":"publish","type":"product","link":"https:\/\/arbeitskleidung.de\/shop\/produkt\/warnschutz-pilotenjacke-2","title":{"rendered":"Warnschutz-Pilotenjacke"},"content":{"rendered":"<p><strong>Warnschutz-Pilotenjacke<\/strong><br \/>\nNorm EN 471 Klasse 3 (ohne \u00c4rmel Klasse 2)<br \/>\nObermaterial 100 % Polyester, Oxford PU-beschichtet<br \/>\nWattierung 100 % Polyester<br \/>\nFutter 100 % Polyester <\/p>\n<p>atmungsaktiv, wind- und wasserdicht,<br \/>\nN\u00e4hte getaped, \u00c4rmel abnehmbar,<br \/>\nKapuze im Kragen, Kragen mit Fleece abgef\u00fcttert,<br \/>\n1 \u00c4rmeltasche mit Rei\u00dfverschlu\u00df,<br \/>\n2 Brusttaschen mit Patte, rechte Seite mit aufgesetzten<br \/>\nStifttaschen und Handytasche,<br \/>\n2 Seitentaschen, 1 Innentasche,<br \/>\n\u00c4rmelbund mit Druckkn\u00f6pfen verstellbar,<br \/>\nStrickbundabschlu\u00df am Saum.<\/p>\n","protected":false},"excerpt":{"rendered":"<p>Restpostenverkauf vom Umtausch ausgeschlossen<\/p>\n","protected":false},"featured_media":92463,"comment_status":"open","ping_status":"open","template":"","meta":[],"product_cat":[3256,823],"product_tag":[3084,3258,2774],"class_list":["post-92459","product","type-product","status-publish","has-post-thumbnail","hentry","product_cat-restposten-berufskleidung","product_cat-industrie-handwerk","product_tag-pilotenjacke","product_tag-berufskleidung","product_tag-elysee","pa_groesse-gelb-m","pa_groesse-gelb-xxxl","pa_groesse-orange-m","pa_groesse-orange-xxl","pa_hersteller-elysee"],"_links":{"self":[{"href":"https:\/\/arbeitskleidung.de\/shop\/wp-json\/wp\/v2\/product\/92459"}],"collection":[{"href":"https:\/\/arbeitskleidung.de\/shop\/wp-json\/wp\/v2\/product"}],"about":[{"href":"https:\/\/arbeitskleidung.de\/shop\/wp-json\/wp\/v2\/types\/product"}],"replies":[{"embeddable":true,"href":"https:\/\/arbeitskleidung.de\/shop\/wp-json\/wp\/v2\/comments?post=92459"}],"wp:featuredmedia":[{"embeddable":true,"href":"https:\/\/arbeitskleidung.de\/shop\/wp-json\/wp\/v2\/media\/92463"}],"wp:attachment":[{"href":"https:\/\/arbeitskleidung.de\/shop\/wp-json\/wp\/v2\/media?parent=92459"}],"wp:term":[{"taxonomy":"product_cat","embeddable":true,"href":"https:\/\/arbeitskleidung.de\/shop\/wp-json\/wp\/v2\/product_cat?post=92459"},{"taxonomy":"product_tag","embeddable":true,"href":"https:\/\/arbeitskleidung.de\/shop\/wp-json\/wp\/v2\/product_tag?post=92459"}],"curies":[{"name":"wp","href":"https:\/\/api.w.org\/{rel}","templated":true}]}}