{"id":95712,"date":"2018-03-20T08:44:54","date_gmt":"2018-03-20T07:44:54","guid":{"rendered":"https:\/\/arbeitskleidung.de\/shop\/produkt\/elysee-2-in-1-outdoorjacke"},"modified":"2021-11-10T18:27:53","modified_gmt":"2021-11-10T16:27:53","slug":"elysee-2-in-1-outdoorjacke","status":"publish","type":"product","link":"https:\/\/arbeitskleidung.de\/shop\/produkt\/elysee-2-in-1-outdoorjacke","title":{"rendered":"Elysee 2 in 1 Outdoorjacke"},"content":{"rendered":"<p><strong>Elysee 2 in 1 Outdoorjacke<\/strong><br \/>\nObermaterial Au\u00dfenjacke 65 % Polyester, 35 % Baumwolle, ca. 280g\/m\u00b2<br \/>\nFutter Au\u00dfenjacke 100 % Polyester<br \/>\nInnenweste Obermaterial 65 % Polyester, 35 % Baumwolle, ca. 280g\/m\u00b2<br \/>\nInnenweste Futter 100 % Polyester<br \/>\nInnenweste Wattierung 100 % Polyester <\/p>\n<p>robustes Canvasgewebe, abrieb- und rei\u00dffest<br \/>\nschmutz-, \u00f6l- und wasserabweisend durch hochwertige Beschichtung<br \/>\nmoderne und ergonomische Passform<br \/>\nvorgeformte \u00c4rmel f\u00fcr mehr Tragekomfort<br \/>\n\u00c4rmel herausnehmbar: Jacke ist auch als Weste tragbar<br \/>\nThermo-Innenweste sch\u00fctzt vor extremen Bedingungen und kann separat getragen werden<br \/>\nverl\u00e4ngertes R\u00fcckenteil<br \/>\nverdeckter YKK\u00ae-Front-Rei\u00dfverschluss<br \/>\nPatte im Vorderteil mit verdeckten Druckkn\u00f6pfen und Klett-Verschl\u00fcssen<br \/>\nweitenverstellbarer \u00c4rmelsaum<br \/>\nAdressfeld im Innenteil der Jacke f\u00fcr Benutzer<br \/>\nverbesserte Sichtbarkeit durch Reflexpaspeln<\/p>\n<p>Taschen:<br \/>\n2 Brusttaschen mit Rei\u00dfverschl\u00fcssen<br \/>\n2 Brusttaschen mit Patten und Klettverschl\u00fcssen<br \/>\n2 H\u00fcfttaschen mit seitlichen Eingriffen und Rei\u00dfverschl\u00fcssen<br \/>\n1 Handy-Innentasche<\/p>\n<p>Innenweste:<br \/>\n1 Handy-Innentasche<\/p>\n","protected":false},"excerpt":{"rendered":"<p>Elysee 2 in 1 Outdoorjacke Obermaterial Au\u00dfenjacke 65 % Polyester, 35 % Baumwolle, ca. 280g\/m\u00b2 Futter Au\u00dfenjacke 100 % Polyester Innenweste Obermaterial 65 % Polyester, 35 % Baumwolle, ca. 280g\/m\u00b2 Innenweste Futter 100 % Polyester Innenweste Wattierung 100 % Polyester robustes Canvasgewebe, abrieb- und rei\u00dffest schmutz-, \u00f6l- und wasserabweisend durch hochwertige Beschichtung moderne und ergonomische [&hellip;]<\/p>\n","protected":false},"featured_media":95725,"comment_status":"open","ping_status":"closed","template":"","meta":[],"product_cat":[3353,823,3272],"product_tag":[2774,2867],"class_list":["post-95712","product","type-product","status-publish","has-post-thumbnail","hentry","product_cat-elysee-premium-workwear","product_cat-industrie-handwerk","product_cat-elysee-kollektion","product_tag-elysee","product_tag-jacke","pa_farbe-grau-schwarz","pa_farbe-schwarz-grau","pa_groesse-3-xl","pa_groesse-l","pa_groesse-m","pa_groesse-s","pa_groesse-xl","pa_groesse-xxl","pa_hersteller-elysee"],"_links":{"self":[{"href":"https:\/\/arbeitskleidung.de\/shop\/wp-json\/wp\/v2\/product\/95712"}],"collection":[{"href":"https:\/\/arbeitskleidung.de\/shop\/wp-json\/wp\/v2\/product"}],"about":[{"href":"https:\/\/arbeitskleidung.de\/shop\/wp-json\/wp\/v2\/types\/product"}],"replies":[{"embeddable":true,"href":"https:\/\/arbeitskleidung.de\/shop\/wp-json\/wp\/v2\/comments?post=95712"}],"wp:featuredmedia":[{"embeddable":true,"href":"https:\/\/arbeitskleidung.de\/shop\/wp-json\/wp\/v2\/media\/95725"}],"wp:attachment":[{"href":"https:\/\/arbeitskleidung.de\/shop\/wp-json\/wp\/v2\/media?parent=95712"}],"wp:term":[{"taxonomy":"product_cat","embeddable":true,"href":"https:\/\/arbeitskleidung.de\/shop\/wp-json\/wp\/v2\/product_cat?post=95712"},{"taxonomy":"product_tag","embeddable":true,"href":"https:\/\/arbeitskleidung.de\/shop\/wp-json\/wp\/v2\/product_tag?post=95712"}],"curies":[{"name":"wp","href":"https:\/\/api.w.org\/{rel}","templated":true}]}}