{"id":96523,"date":"2018-04-20T08:17:59","date_gmt":"2018-04-20T07:17:59","guid":{"rendered":"https:\/\/arbeitskleidung.de\/shop\/produkt\/bierbaum-proenen-ueberwurfschuerze-2"},"modified":"2024-04-19T07:58:06","modified_gmt":"2024-04-19T05:58:06","slug":"bierbaum-proenen-ueberwurfschuerze-2","status":"publish","type":"product","link":"https:\/\/arbeitskleidung.de\/shop\/produkt\/bierbaum-proenen-ueberwurfschuerze-2","title":{"rendered":"Bierbaum-Proenen \u00dcberwurfsch\u00fcrze"},"content":{"rendered":"<p><strong>Bierbaum-Proenen \u00dcberwurfsch\u00fcrze<\/strong><br \/>\nBicolor-Optik,<br \/>\nVorderteil mit Druckknopfverschluss,<br \/>\n2 aufgesetzte Seitentaschen,<br \/>\nWeite seitlich mit Druckkn\u00f6pfen<br \/>\nverstellbar<br \/>\n65 % Polyester \/ 35 % Baumwolle<br \/>\nIndustriew\u00e4sche- geeignet <\/p>\n<p>Gr\u00f6\u00dfen\u00fcbersicht:<br \/>\n001 = 34 &#8211; 40<br \/>\n002 = 42 &#8211; 48<br \/>\n003 = 50 &#8211; 56<\/p>\n","protected":false},"excerpt":{"rendered":"<p>Restpostenverkauf vom Umtausch ausgeschlossen<\/p>\n","protected":false},"featured_media":86539,"comment_status":"open","ping_status":"closed","template":"","meta":[],"product_cat":[3144,3154,779],"product_tag":[3155,3175,3146],"class_list":["post-96523","product","type-product","status-publish","has-post-thumbnail","hentry","product_cat-kuechenkleidung-servicekleidung","product_cat-latzschuerzen","product_cat-gastronomie-klinik","product_tag-latzschuerze","product_tag-bierbaum-proenen","product_tag-kuechenkleidung","pa_farbe-blau","pa_farbe-bordeaux","pa_farbe-hellblau","pa_farbe-rot","pa_farbe-weiss","pa_groesse-3226","pa_groesse-3227","pa_groesse-3228","pa_hersteller-bierbaum-proenen"],"_links":{"self":[{"href":"https:\/\/arbeitskleidung.de\/shop\/wp-json\/wp\/v2\/product\/96523"}],"collection":[{"href":"https:\/\/arbeitskleidung.de\/shop\/wp-json\/wp\/v2\/product"}],"about":[{"href":"https:\/\/arbeitskleidung.de\/shop\/wp-json\/wp\/v2\/types\/product"}],"replies":[{"embeddable":true,"href":"https:\/\/arbeitskleidung.de\/shop\/wp-json\/wp\/v2\/comments?post=96523"}],"wp:featuredmedia":[{"embeddable":true,"href":"https:\/\/arbeitskleidung.de\/shop\/wp-json\/wp\/v2\/media\/86539"}],"wp:attachment":[{"href":"https:\/\/arbeitskleidung.de\/shop\/wp-json\/wp\/v2\/media?parent=96523"}],"wp:term":[{"taxonomy":"product_cat","embeddable":true,"href":"https:\/\/arbeitskleidung.de\/shop\/wp-json\/wp\/v2\/product_cat?post=96523"},{"taxonomy":"product_tag","embeddable":true,"href":"https:\/\/arbeitskleidung.de\/shop\/wp-json\/wp\/v2\/product_tag?post=96523"}],"curies":[{"name":"wp","href":"https:\/\/api.w.org\/{rel}","templated":true}]}}