{"id":96776,"date":"2021-07-22T13:55:05","date_gmt":"2021-07-22T11:55:05","guid":{"rendered":"https:\/\/arbeitskleidung.de\/shop\/produkt\/cofra-memory-plus-einlegesohlen"},"modified":"2026-03-06T09:13:01","modified_gmt":"2026-03-06T07:13:01","slug":"cofra-memory-plus-einlegesohlen","status":"publish","type":"product","link":"https:\/\/arbeitskleidung.de\/shop\/produkt\/cofra-memory-plus-einlegesohlen","title":{"rendered":"COFRA Memory Plus Einlegesohlen"},"content":{"rendered":"<p><strong>COFRA Memory Plus Einlegesohlen<\/strong><br \/>\nBESCHREIBUNG:<br \/>\nAnatomisches, gelochtes, antistatisches und vorgeformtes Fu\u00dfbett garantiert<br \/>\nergonomischen Komfort und hohe Atmungsaktivit\u00e4t.<br \/>\nDie Schicht aus duftendem Polyurethan mit hoher Dicke im Zehenbereich<br \/>\ngarantiert hohe Unterst\u00fctzung. Die Schicht aus Memory,<br \/>\naus duftendem Polyurethan-Schaum mit gutem und sehr elastischem Material<br \/>\nhat gute viskoelastische Eingenschaften. Es deformiert sich im Fu\u00dfbereich<br \/>\nbei W\u00e4rme und formt sich im Fu\u00dfsohlebereich an die Fu\u00dfsohle an.<br \/>\nWenn der Fu\u00df entfernt wird, nimmt es die urspr\u00fcngliche Form wieder an.<br \/>\nDie L\u00f6cher auf dem ganzen Fu\u00dfbett und die Kan\u00e4le unter dem Fu\u00dfbett<br \/>\ngarantieren gute Luftzirkulation im Inneren des Schuhs.<br \/>\nDie Beschichtung aus abriebfestem, maschenfestem,<br \/>\nantibakteriellem Gewebe nimmt den Schwei\u00df auf und h\u00e4lt den Fu\u00df stets trocken.<br \/>\nDUFTENDES FUSSBETT<\/p>\n","protected":false},"excerpt":{"rendered":"<p>COFRA Memory Plus Einlegesohlen BESCHREIBUNG: Anatomisches, gelochtes, antistatisches und vorgeformtes Fu\u00dfbett garantiert ergonomischen Komfort und hohe Atmungsaktivit\u00e4t. Die Schicht aus duftendem Polyurethan mit hoher Dicke im Zehenbereich garantiert hohe Unterst\u00fctzung. Die Schicht aus Memory, aus duftendem Polyurethan-Schaum mit gutem und sehr elastischem Material hat gute viskoelastische Eingenschaften. Es deformiert sich im Fu\u00dfbereich bei W\u00e4rme und [&hellip;]<\/p>\n","protected":false},"featured_media":96786,"comment_status":"open","ping_status":"closed","template":"","meta":[],"product_cat":[2903,823,1026,3271],"product_tag":[2872,2913,2914],"class_list":["post-96776","product","type-product","status-publish","has-post-thumbnail","hentry","product_cat-cofra-sicherheitsschuhe","product_cat-industrie-handwerk","product_cat-berufsschuhe-schutzschuhe","product_cat-cofra-sicherheitsschuhe-industrie-handwerk","product_tag-cofra","product_tag-einlegesohle","product_tag-sicherheitsschuhe","pa_groesse-2875","pa_groesse-2897","pa_groesse-2876","pa_groesse-2898","pa_groesse-2877","pa_groesse-2899","pa_groesse-2878","pa_groesse-2900","pa_groesse-2891","pa_hersteller-cofra"],"_links":{"self":[{"href":"https:\/\/arbeitskleidung.de\/shop\/wp-json\/wp\/v2\/product\/96776"}],"collection":[{"href":"https:\/\/arbeitskleidung.de\/shop\/wp-json\/wp\/v2\/product"}],"about":[{"href":"https:\/\/arbeitskleidung.de\/shop\/wp-json\/wp\/v2\/types\/product"}],"replies":[{"embeddable":true,"href":"https:\/\/arbeitskleidung.de\/shop\/wp-json\/wp\/v2\/comments?post=96776"}],"wp:featuredmedia":[{"embeddable":true,"href":"https:\/\/arbeitskleidung.de\/shop\/wp-json\/wp\/v2\/media\/96786"}],"wp:attachment":[{"href":"https:\/\/arbeitskleidung.de\/shop\/wp-json\/wp\/v2\/media?parent=96776"}],"wp:term":[{"taxonomy":"product_cat","embeddable":true,"href":"https:\/\/arbeitskleidung.de\/shop\/wp-json\/wp\/v2\/product_cat?post=96776"},{"taxonomy":"product_tag","embeddable":true,"href":"https:\/\/arbeitskleidung.de\/shop\/wp-json\/wp\/v2\/product_tag?post=96776"}],"curies":[{"name":"wp","href":"https:\/\/api.w.org\/{rel}","templated":true}]}}