{"id":96853,"date":"2018-08-29T07:48:36","date_gmt":"2018-08-29T06:48:36","guid":{"rendered":"https:\/\/arbeitskleidung.de\/shop\/produkt\/blaklaeder-shorts-2"},"modified":"2024-04-09T07:20:42","modified_gmt":"2024-04-09T05:20:42","slug":"blaklaeder-shorts-2","status":"publish","type":"product","link":"https:\/\/arbeitskleidung.de\/shop\/produkt\/blaklaeder-shorts-2","title":{"rendered":"Blakl\u00e4der Shorts"},"content":{"rendered":"<p><strong>Blakl\u00e4der Shorts<\/strong><br \/>\nQualit\u00e4t: 65 % Polyester\/35 % Baumwolle, Twill, 240 g\/m\u00b2<\/p>\n<p>Drei Seitentaschen, eine mit Rei\u00dfverschluss,<br \/>\nGes\u00e4\u00dftasche mit Rei\u00dfverschluss,<br \/>\nZwei Beintaschen eine mit Patte und dreigeteiltem Stiftefach,<br \/>\nHandytasche, Zollstocktasche, Schl\u00fcsselschlaufe.<\/p>\n<p>Farbe: Schwarz<\/p>\n","protected":false},"excerpt":{"rendered":"<p>Restpostenverkauf vom Umtausch ausgeschlossen<\/p>\n","protected":false},"featured_media":88176,"comment_status":"open","ping_status":"closed","template":"","meta":[],"product_cat":[823,3314],"product_tag":[3316],"class_list":["post-96853","product","type-product","status-publish","has-post-thumbnail","hentry","product_cat-industrie-handwerk","product_cat-blaklaeder-workwear-ausverkauf","product_tag-blaklaeder","pa_groesse-2878","pa_groesse-2891","pa_groesse-3011","pa_groesse-3013","pa_groesse-3014","pa_groesse-3015","pa_groesse-3016","pa_groesse-3017","pa_groesse-3018","pa_hersteller-blaklaeder"],"_links":{"self":[{"href":"https:\/\/arbeitskleidung.de\/shop\/wp-json\/wp\/v2\/product\/96853"}],"collection":[{"href":"https:\/\/arbeitskleidung.de\/shop\/wp-json\/wp\/v2\/product"}],"about":[{"href":"https:\/\/arbeitskleidung.de\/shop\/wp-json\/wp\/v2\/types\/product"}],"replies":[{"embeddable":true,"href":"https:\/\/arbeitskleidung.de\/shop\/wp-json\/wp\/v2\/comments?post=96853"}],"wp:featuredmedia":[{"embeddable":true,"href":"https:\/\/arbeitskleidung.de\/shop\/wp-json\/wp\/v2\/media\/88176"}],"wp:attachment":[{"href":"https:\/\/arbeitskleidung.de\/shop\/wp-json\/wp\/v2\/media?parent=96853"}],"wp:term":[{"taxonomy":"product_cat","embeddable":true,"href":"https:\/\/arbeitskleidung.de\/shop\/wp-json\/wp\/v2\/product_cat?post=96853"},{"taxonomy":"product_tag","embeddable":true,"href":"https:\/\/arbeitskleidung.de\/shop\/wp-json\/wp\/v2\/product_tag?post=96853"}],"curies":[{"name":"wp","href":"https:\/\/api.w.org\/{rel}","templated":true}]}}