{"id":96871,"date":"2025-02-18T16:33:27","date_gmt":"2025-02-18T14:33:27","guid":{"rendered":"https:\/\/arbeitskleidung.de\/shop\/produkt\/qualitex-grizzlyskin-shorts"},"modified":"2025-02-18T16:33:32","modified_gmt":"2025-02-18T14:33:32","slug":"grizzlyskin-shorts","status":"publish","type":"product","link":"https:\/\/arbeitskleidung.de\/shop\/produkt\/grizzlyskin-shorts","title":{"rendered":"GRIZZLYSKIN Shorts"},"content":{"rendered":"<p><strong>GRIZZLYSKIN Shorts<\/strong><br \/>\nAusstattung:<\/p>\n<p>wichtige N\u00e4hte in 3-Nadelverarbeitung (Ges\u00e4\u00dfnaht, Schrittnaht, Seitennaht)<br \/>\nelastischer Hosenbund mit innenliegender Bundweitenregulierung, verdecktem<br \/>\nEdelstahl-Jeansknopf &#038; 5 G\u00fcrtelschlaufen f\u00fcr bis zu 55 mm G\u00fcrtelbreite<br \/>\nHosenschlitz mit YKK-Marken-Kunststoffrei\u00dfverschluss<\/p>\n<p>Innenbund mit weichem Fleece &#038; eingestickter Pflegekennzeichnung<br \/>\nZubeh\u00f6rdocks aus strapazierf\u00e4higem Cordura unter dem Bund<br \/>\n2 gro\u00dfe Seitentaschen mit Mehreingriffsweite &#038; Corduraeinfassung zum Schutz der<br \/>\nEingriffskante; rechts mit zus\u00e4tzlicher, innenliegender offener Tasche,<br \/>\nlinks mit innenliegender Kleingeldtasche, verschlie\u00dfbar mit durch Seitentasche<br \/>\nverdeckten YKK-Marken-Kunststoffrei\u00dfverschluss<\/p>\n<p>2 aufgesetzte, au\u00dfenliegende Volumen-Ges\u00e4\u00dftaschen f\u00fcr optimale Sitzposition,<br \/>\nverschlie\u00dfbar mit Patte inkl. Corduraeinfassung, Klettverschluss &#038; Griffpad aus Cordura;<br \/>\nPatten in Sandwichbauweise mit eingesetzten<br \/>\nCordura- &#038; Reflexfl\u00e4chen (zur besseren Sichtbarkeit)<\/p>\n<p>rechts zus\u00e4tzliche, eingesetzte Leistentasche mit verdecktem YKK-Marken-<br \/>\nKunststoffrei\u00dfverschluss im Sattel \u00fcber der Ges\u00e4\u00dftasche, z. Bsp. f\u00fcr Ausweis<br \/>\ngro\u00dfe Multifunktions-Cargotasche links, im unteren Bereich abklappbar, mit Patte inkl.<br \/>\nCorduraeinfassung, Klettverschluss &#038; Griffpad aus Cordura; mit zwei Stauf\u00e4chern &#038;<br \/>\nkombiniertem Stift-Visitenkartenfach,<br \/>\n1. Staufach aus Cordura, verschlie\u00dfbar mit YKK-Marken-Kunststoffrei\u00dfverschluss;<br \/>\n2. Staufach aufgesetzt in Grundgewebe mit Applikation aus Cordura inkl. Stickelement;<br \/>\nPatte &#038; Taschenbeutel zur Veredelung geeignet<\/p>\n<p>links eingesetzte, innenliegende Leistentasche aus Cordura, zus\u00e4tzlich mit Grundgewebe besetzt<br \/>\nrechts offene Multifunktionstasche mit Paspeleinfassung, Taschenbeutel<br \/>\nunten mit Cordura verst\u00e4rkt (im unteren Bereich abklappbar)<br \/>\nmit drei F\u00e4chern f\u00fcr Massstab, Stifte &#038; Werkzeuge<br \/>\nelastischer, atmungsaktiver Stretcheinsatz im Schrittbereich zur Aufnahme der Bewegungsfreiheit<br \/>\ndoppelter Saum mit innenliegendem, verdeckten YKK-Marken-Kunststoffrei\u00dfverschluss zur Anbringung<br \/>\nvon optionalen Beinlingen, Kniepolstertaschen &#038; Reflexstreifen<\/p>\n<p>moderner Sattel in Kontrastfarbe mit eingesetzten Ges\u00e4\u00dftaschenpatten inkl. dynamischer Reflexfl\u00e4chen<br \/>\ninnovatives Design in Kontrastfarbe im hinteren Beinbereich<br \/>\nim oberen Teil der Vorderhose gebogener Einsatz in Kontrastfarbe mit Reflexfl\u00e4che<\/p>\n<p>Material:<br \/>\n65 % Polyester \/ 35 % Lyocell ca. 270 g\/m\u00b2<\/p>\n","protected":false},"excerpt":{"rendered":"<p>GRIZZLYSKIN Shorts Ausstattung: wichtige N\u00e4hte in 3-Nadelverarbeitung (Ges\u00e4\u00dfnaht, Schrittnaht, Seitennaht) elastischer Hosenbund mit innenliegender Bundweitenregulierung, verdecktem Edelstahl-Jeansknopf &#038; 5 G\u00fcrtelschlaufen f\u00fcr bis zu 55 mm G\u00fcrtelbreite Hosenschlitz mit YKK-Marken-Kunststoffrei\u00dfverschluss Innenbund mit weichem Fleece &#038; eingestickter Pflegekennzeichnung Zubeh\u00f6rdocks aus strapazierf\u00e4higem Cordura unter dem Bund 2 gro\u00dfe Seitentaschen mit Mehreingriffsweite &#038; Corduraeinfassung zum Schutz der Eingriffskante; rechts [&hellip;]<\/p>\n","protected":false},"featured_media":97031,"comment_status":"open","ping_status":"open","template":"","meta":[],"product_cat":[823,3563,3564,3252],"product_tag":[2791,3004,3258],"class_list":["post-96871","product","type-product","status-publish","has-post-thumbnail","hentry","product_cat-industrie-handwerk","product_cat-berufskleidung-grizzlyskin","product_cat-berufskleidung-grizzlyskin-industrie-handwerk","product_cat-qualitex-arbeitskleidung","product_tag-arbeitskleidung","product_tag-qualitex","product_tag-berufskleidung","pa_farbe-grau-schwarz","pa_farbe-kornblau-schwarz","pa_farbe-marine-grau","pa_farbe-schwarz-grau","pa_groesse-2878","pa_groesse-2891","pa_groesse-2939","pa_groesse-3011","pa_groesse-3012","pa_groesse-3013","pa_groesse-3014","pa_groesse-3015","pa_groesse-3016","pa_groesse-3017","pa_groesse-3018","pa_hersteller-grizzlyskin"],"_links":{"self":[{"href":"https:\/\/arbeitskleidung.de\/shop\/wp-json\/wp\/v2\/product\/96871"}],"collection":[{"href":"https:\/\/arbeitskleidung.de\/shop\/wp-json\/wp\/v2\/product"}],"about":[{"href":"https:\/\/arbeitskleidung.de\/shop\/wp-json\/wp\/v2\/types\/product"}],"replies":[{"embeddable":true,"href":"https:\/\/arbeitskleidung.de\/shop\/wp-json\/wp\/v2\/comments?post=96871"}],"wp:featuredmedia":[{"embeddable":true,"href":"https:\/\/arbeitskleidung.de\/shop\/wp-json\/wp\/v2\/media\/97031"}],"wp:attachment":[{"href":"https:\/\/arbeitskleidung.de\/shop\/wp-json\/wp\/v2\/media?parent=96871"}],"wp:term":[{"taxonomy":"product_cat","embeddable":true,"href":"https:\/\/arbeitskleidung.de\/shop\/wp-json\/wp\/v2\/product_cat?post=96871"},{"taxonomy":"product_tag","embeddable":true,"href":"https:\/\/arbeitskleidung.de\/shop\/wp-json\/wp\/v2\/product_tag?post=96871"}],"curies":[{"name":"wp","href":"https:\/\/api.w.org\/{rel}","templated":true}]}}