{"id":96941,"date":"2025-02-18T16:33:35","date_gmt":"2025-02-18T14:33:35","guid":{"rendered":"https:\/\/arbeitskleidung.de\/shop\/produkt\/qualitex-grizzlyskin-latzhose"},"modified":"2025-02-18T16:33:40","modified_gmt":"2025-02-18T14:33:40","slug":"grizzlyskin-latzhose","status":"publish","type":"product","link":"https:\/\/arbeitskleidung.de\/shop\/produkt\/grizzlyskin-latzhose","title":{"rendered":"GRIZZLYSKIN Latzhose"},"content":{"rendered":"<p><strong>GRIZZLYSKIN Latzhose<\/strong><br \/>\nAusstattung:<\/p>\n<p>wichtige N\u00e4hte in 3-Nadelverarbeitung (Ges\u00e4\u00dfnaht, Schrittnaht, Seitennaht)<br \/>\ndynamischer Latz mit aufgesetzter Volumen-Latztasche,<br \/>\nverschlie\u00dfbar mit Patte inkl. Corduraeinfassung, Klettverschluss &#038;<br \/>\nGriffpad aus Cordura; Patte in Sandwichbauweise mit eingesetzten<br \/>\nCordura- &#038; Reflexfl\u00e4chen (zur besseren Sichtbarkeit),<\/p>\n<p>links\/rechts auf &#038; neben der Tasche je 2 Stift-\/Werkzeugf\u00e4cher<br \/>\nzus\u00e4tzliche, eingearbeitete Latztasche mit verdecktem YKK-Marken-Kunststoffrei\u00dfverschluss<br \/>\ninnovatives, hochgezogenes Kreuzr\u00fcckenteil f\u00fcr optimalen Sitz der Tr\u00e4ger<br \/>\nTr\u00e4ger aus elastischem Stretch mit Sicherheitsschnallen<\/p>\n<p>gef\u00fchrte, elastische Gummitr\u00e4ger im Kreuzr\u00fcckenteil mit Reflexfl\u00e4chen zwischen den Tr\u00e4gern<br \/>\nelastischer, doppelter Stretcheinsatz in Sandwichbauweise im unteren R\u00fcckenlatzbereich<br \/>\nf\u00fcr h\u00f6chste Haltbarkeit &#038; zus\u00e4tzliche Bewegungsfreiheit<br \/>\nelastischer Hosenbund mit innenliegender Bundweitenregulierung &#038;<br \/>\n5 G\u00fcrtelschlaufen f\u00fcr bis zu 55 mm G\u00fcrtelbreite<\/p>\n<p>Hosenschlitz mit YKK-Marken-Kunststoffrei\u00dfverschluss<br \/>\nInnenbund mit weichem Fleece &#038; eingestickter Pflegekennzeichnung<br \/>\nZubeh\u00f6rdocks aus strapazierf\u00e4higem Cordura unter dem Bund<br \/>\n2 gro\u00dfe Seitentaschen mit Mehreingriffsweite &#038; Corduraeinfassung zum Schutz der Eingriffskante;<br \/>\nrechts mit zus\u00e4tzlicher, innenliegender offener Tasche,<br \/>\nlinks mit innenliegender Kleingeldtasche, verschlie\u00dfbar mit durch Seitentasche verdeckten<br \/>\nYKK-Marken-Kunststoffrei\u00dfverschluss<\/p>\n<p>2 aufgesetzte, au\u00dfenliegende Volumen-Ges\u00e4\u00dftaschen f\u00fcr optimale Sitzposition,<br \/>\nverschlie\u00dfbar mit Patte inkl. Corduraeinfassung, Klettverschluss &#038; Griffpad aus Cordura;<br \/>\nPatten in Sandwichbauweise mit eingesetzten Cordura- &#038; Reflexfl\u00e4chen (zur besseren Sichtbarkeit)<br \/>\nrechts zus\u00e4tzliche, eingesetzte Leistentasche mit verdecktem YKK-Marken-Kunststoffrei\u00dfverschluss<br \/>\nim Sattel \u00fcber der Ges\u00e4\u00dftasche, z.Bsp. f\u00fcr Ausweis<\/p>\n<p>gro\u00dfe Multifunktions-Cargotasche links, im unteren Bereich abklappbar, mit Patte inkl. Corduraeinfassung,<br \/>\nKlettverschluss &#038; Griffpad aus Cordura; mit zwei Stauf\u00e4chern &#038; kombiniertem Stift-Visitenkartenfach,<br \/>\n1. Staufach aus Cordura, verschlie\u00dfbar mit YKK-Marken- Kunststoffrei\u00dfverschluss;<br \/>\n2. Staufach aufgesetzt in Grundgewebe mit Applikation aus Cordura inkl. Stickelement;<br \/>\nPatte &#038; Taschenbeutel zur Veredelung geeignet<\/p>\n<p>links eingesetzte, innenliegende Leistentasche aus Cordura, zus\u00e4tzlich mit Grundgewebe besetzt<br \/>\nrechts offene Multifunktionstasche mit Paspeleinfassung, Taschenbeutel unten mit Cordura verst\u00e4rkt<br \/>\n(im unteren Bereich abklappbar) mit drei F\u00e4chern f\u00fcr Massstab, Stifte &#038; Werkzeuge<br \/>\nelastischer, atmungsaktiver Stretcheinsatz \u00fcber den Knien sowie im Schrittbereich<br \/>\nzur Aufnahme der Bewegungsfreiheit<br \/>\nKnietaschen mit Bewegungsweite &#038; Einschub von oben, geschwungene Taschenpatte verschlie\u00dfbar<br \/>\nmit Klett, Griffpad &#038;\u00e4u\u00dferer Knietaschenbeutel aus Cordura; automatische seitliche<br \/>\nPositionierung des Kniepolsters Saum an den Beinen aus Cordura<\/p>\n<p>moderner Sattel in Kontrastfarbe mit eingesetzten Ges\u00e4\u00dftaschenpatten inkl. dynamischer Reflexfl\u00e4chen<br \/>\ninnovatives &#8222;S-Design&#8220; in Kontrastfarbe im hinteren Beinbereich mit geschwungener Reflexfl\u00e4che im Wadenbereich<br \/>\nseitlicher Kontrasteinsatz mit gebogener Reflexfl\u00e4che im Bereich des Sprunggelenks<br \/>\nim oberen Teil der Vorderhose gebogener Einsatz in Kontrastfarbe mit Reflexfl\u00e4che<br \/>\nuntere Vorderhose: keilf\u00f6rmiger Einsatz in Kontrastfarbe mit Reflexfl\u00e4che<\/p>\n<p>Material:<br \/>\n65 % Polyester \/ 35 % Lyocell ca. 270 g\/m\u00b2<\/p>\n","protected":false},"excerpt":{"rendered":"<p>GRIZZLYSKIN Latzhose Ausstattung: wichtige N\u00e4hte in 3-Nadelverarbeitung (Ges\u00e4\u00dfnaht, Schrittnaht, Seitennaht) dynamischer Latz mit aufgesetzter Volumen-Latztasche, verschlie\u00dfbar mit Patte inkl. Corduraeinfassung, Klettverschluss &#038; Griffpad aus Cordura; Patte in Sandwichbauweise mit eingesetzten Cordura- &#038; Reflexfl\u00e4chen (zur besseren Sichtbarkeit), links\/rechts auf &#038; neben der Tasche je 2 Stift-\/Werkzeugf\u00e4cher zus\u00e4tzliche, eingearbeitete Latztasche mit verdecktem YKK-Marken-Kunststoffrei\u00dfverschluss innovatives, hochgezogenes Kreuzr\u00fcckenteil f\u00fcr [&hellip;]<\/p>\n","protected":false},"featured_media":97047,"comment_status":"open","ping_status":"open","template":"","meta":[],"product_cat":[823,3563,3564,3252],"product_tag":[3259,2791,3004,3258],"class_list":["post-96941","product","type-product","status-publish","has-post-thumbnail","hentry","product_cat-industrie-handwerk","product_cat-berufskleidung-grizzlyskin","product_cat-berufskleidung-grizzlyskin-industrie-handwerk","product_cat-qualitex-arbeitskleidung","product_tag-latzhose","product_tag-arbeitskleidung","product_tag-qualitex","product_tag-berufskleidung","pa_farbe-grau-schwarz","pa_farbe-kornblau-schwarz","pa_farbe-marine-grau","pa_farbe-schwarz-grau","pa_groesse-2878","pa_groesse-2891","pa_groesse-2939","pa_groesse-3011","pa_groesse-3012","pa_groesse-3013","pa_groesse-3014","pa_groesse-3015","pa_groesse-3016","pa_groesse-3017","pa_groesse-3018","pa_hersteller-grizzlyskin"],"_links":{"self":[{"href":"https:\/\/arbeitskleidung.de\/shop\/wp-json\/wp\/v2\/product\/96941"}],"collection":[{"href":"https:\/\/arbeitskleidung.de\/shop\/wp-json\/wp\/v2\/product"}],"about":[{"href":"https:\/\/arbeitskleidung.de\/shop\/wp-json\/wp\/v2\/types\/product"}],"replies":[{"embeddable":true,"href":"https:\/\/arbeitskleidung.de\/shop\/wp-json\/wp\/v2\/comments?post=96941"}],"wp:featuredmedia":[{"embeddable":true,"href":"https:\/\/arbeitskleidung.de\/shop\/wp-json\/wp\/v2\/media\/97047"}],"wp:attachment":[{"href":"https:\/\/arbeitskleidung.de\/shop\/wp-json\/wp\/v2\/media?parent=96941"}],"wp:term":[{"taxonomy":"product_cat","embeddable":true,"href":"https:\/\/arbeitskleidung.de\/shop\/wp-json\/wp\/v2\/product_cat?post=96941"},{"taxonomy":"product_tag","embeddable":true,"href":"https:\/\/arbeitskleidung.de\/shop\/wp-json\/wp\/v2\/product_tag?post=96941"}],"curies":[{"name":"wp","href":"https:\/\/api.w.org\/{rel}","templated":true}]}}