{"id":96986,"date":"2025-02-18T16:33:40","date_gmt":"2025-02-18T14:33:40","guid":{"rendered":"https:\/\/arbeitskleidung.de\/shop\/produkt\/qualitex-grizzlyskin-bundhose"},"modified":"2025-02-18T16:33:44","modified_gmt":"2025-02-18T14:33:44","slug":"grizzlyskin-bundhose","status":"publish","type":"product","link":"https:\/\/arbeitskleidung.de\/shop\/produkt\/grizzlyskin-bundhose","title":{"rendered":"GRIZZLYSKIN Bundhose"},"content":{"rendered":"<p><strong>GRIZZLYSKIN Bundhose<\/strong><br \/>\nAusstattung:<\/p>\n<p>wichtige N\u00e4hte in 3-Nadelverarbeitung (Ges\u00e4\u00dfnaht, Schrittnaht, Seitennaht)<br \/>\nelastischer Hosenbund mit innenliegender Bundweitenregulierung,<br \/>\nverdecktem Edelstahl-Jeansknopf &#038; 5 G\u00fcrtelschlaufen<br \/>\nf\u00fcr bis zu 55 mm G\u00fcrtelbreite.<\/p>\n<p>Hosenschlitz mit YKK-Marken-Kunststoffrei\u00dfverschluss<br \/>\nInnenbund mit weichem Fleece &#038; eingestickter Pflegekennzeichnung<br \/>\nZubeh\u00f6rdocks aus strapazierf\u00e4higem Cordura unter dem Bund<br \/>\n2 gro\u00dfe Seitentaschen mit Mehreingriffsweite &#038; Corduraeinfassung<br \/>\nzum Schutz der Eingriffskante; rechts mit zus\u00e4tzlicher,<br \/>\ninnenliegender offener Tasche, links mit innenliegender Kleingeldtasche,<br \/>\nverschlie\u00dfbar mit durch Seitentasche verdeckten<br \/>\nYKK-Marken-Kunststoffrei\u00dfverschluss.<\/p>\n<p>2 aufgesetzte, au\u00dfenliegende Volumen-Ges\u00e4\u00dftaschen f\u00fcr optimale Sitzposition,<br \/>\nverschlie\u00dfbar mit Patte inkl. Corduraeinfassung,<br \/>\nKlettverschluss &#038; Griffpad aus Cordura; Patten in Sandwichbauweise mit<br \/>\neingesetzten Cordura- &#038; Reflexfl\u00e4chen (zur besseren Sichtbarkeit)<br \/>\nrechts zus\u00e4tzliche, eingesetzte Leistentasche mit verdecktem<br \/>\nYKK-Marken-Kunststoffrei\u00dfverschluss im Sattel \u00fcber der Ges\u00e4\u00dftasche,<br \/>\nz.Bsp. f\u00fcr Ausweis<\/p>\n<p>gro\u00dfe Multifunktions-Cargotasche links, im unteren Bereich abklappbar,<br \/>\nmit Patte inkl. Corduraeinfassung, Klettverschluss &#038; Griffpad ausCordura;<br \/>\nmit zwei Stauf\u00e4chern und kombiniertem Stift-Visitenkartenfach,<br \/>\n1. Staufach aus Cordura, verschlie\u00dfbar mit YKK-Marken-<br \/>\nKunststoffrei\u00dfverschluss; 2. Staufach aufgesetzt in Grundgewebe mit Applikation<br \/>\naus Cordura inkl. Stickelement;<\/p>\n<p>Patte &#038; Taschenbeutel zur Veredelung geeignet.<br \/>\nlinks eingesetzte, innenliegende Leistentasche aus Cordura,<br \/>\nzus\u00e4tzlich mit Grundgewebe besetztrechts offene Multifunktionstasche<br \/>\nmit Paspeleinfassung, Taschenbeutel unten mit Cordura verst\u00e4rkt (im unteren Bereich abklappbar)<br \/>\nmit drei F\u00e4chern f\u00fcr Massstab, Stifte &#038; Werkzeuge.<\/p>\n<p>elastischer, atmungsaktiver Stretcheinsatz \u00fcber den Knien sowie im Schrittbereich<br \/>\nzur Aufnahme der Bewegungsfreiheit<br \/>\nKnietaschen mit Bewegungsweite &#038; Einschub von oben, geschwungene Taschenpatte<br \/>\nverschlie\u00dfbar mit Patte, Griffpad &#038; \u00e4u\u00dferer<br \/>\nKnietaschenbeutel aus Cordura; automatische seitliche Positionierung des Kniepolsters<br \/>\nSaum an den Beinen aus Cordura<\/p>\n<p>moderner Sattel in Kontrastfarbe mit eingesetzten<br \/>\nGes\u00e4\u00dftaschenpatten inkl. dynamischer Reflexfl\u00e4chen<br \/>\ninnovatives S-Design in Kontrastfarbe im hinteren Beinbereich<br \/>\nmit geschwungener Reflexfl\u00e4che im Wadenbereich<br \/>\nseitlicher Kontrasteinsatz mit gebogener Reflexfl\u00e4che im Bereich des Sprunggelenks<br \/>\nim oberen Teil der Vorderhose gebogener Einsatz in Kontrastfarbe mit Reflexfl\u00e4che<br \/>\nuntere Vorderhose: keilf\u00f6rmiger Einsatz in Kontrastfarbe mit Reflexfl\u00e4che<\/p>\n<p>Material:<br \/>\n65 % Polyester \/ 35 % Lyocell ca. 270 g\/m\u00b2<\/p>\n","protected":false},"excerpt":{"rendered":"<p>GRIZZLYSKIN Bundhose Ausstattung: wichtige N\u00e4hte in 3-Nadelverarbeitung (Ges\u00e4\u00dfnaht, Schrittnaht, Seitennaht) elastischer Hosenbund mit innenliegender Bundweitenregulierung, verdecktem Edelstahl-Jeansknopf &#038; 5 G\u00fcrtelschlaufen f\u00fcr bis zu 55 mm G\u00fcrtelbreite. Hosenschlitz mit YKK-Marken-Kunststoffrei\u00dfverschluss Innenbund mit weichem Fleece &#038; eingestickter Pflegekennzeichnung Zubeh\u00f6rdocks aus strapazierf\u00e4higem Cordura unter dem Bund 2 gro\u00dfe Seitentaschen mit Mehreingriffsweite &#038; Corduraeinfassung zum Schutz der Eingriffskante; rechts [&hellip;]<\/p>\n","protected":false},"featured_media":97055,"comment_status":"open","ping_status":"open","template":"","meta":[],"product_cat":[3563,823,3564,3252],"product_tag":[3004,3199,3258,2791],"class_list":["post-96986","product","type-product","status-publish","has-post-thumbnail","hentry","product_cat-berufskleidung-grizzlyskin","product_cat-industrie-handwerk","product_cat-berufskleidung-grizzlyskin-industrie-handwerk","product_cat-qualitex-arbeitskleidung","product_tag-qualitex","product_tag-bundhose","product_tag-berufskleidung","product_tag-arbeitskleidung","pa_farbe-grau-schwarz","pa_farbe-kornblau-schwarz","pa_farbe-marine-grau","pa_farbe-schwarz-grau","pa_groesse-2878","pa_groesse-2891","pa_groesse-2939","pa_groesse-3011","pa_groesse-3012","pa_groesse-3013","pa_groesse-3014","pa_groesse-3015","pa_groesse-3016","pa_groesse-3017","pa_groesse-3018","pa_hersteller-grizzlyskin"],"_links":{"self":[{"href":"https:\/\/arbeitskleidung.de\/shop\/wp-json\/wp\/v2\/product\/96986"}],"collection":[{"href":"https:\/\/arbeitskleidung.de\/shop\/wp-json\/wp\/v2\/product"}],"about":[{"href":"https:\/\/arbeitskleidung.de\/shop\/wp-json\/wp\/v2\/types\/product"}],"replies":[{"embeddable":true,"href":"https:\/\/arbeitskleidung.de\/shop\/wp-json\/wp\/v2\/comments?post=96986"}],"wp:featuredmedia":[{"embeddable":true,"href":"https:\/\/arbeitskleidung.de\/shop\/wp-json\/wp\/v2\/media\/97055"}],"wp:attachment":[{"href":"https:\/\/arbeitskleidung.de\/shop\/wp-json\/wp\/v2\/media?parent=96986"}],"wp:term":[{"taxonomy":"product_cat","embeddable":true,"href":"https:\/\/arbeitskleidung.de\/shop\/wp-json\/wp\/v2\/product_cat?post=96986"},{"taxonomy":"product_tag","embeddable":true,"href":"https:\/\/arbeitskleidung.de\/shop\/wp-json\/wp\/v2\/product_tag?post=96986"}],"curies":[{"name":"wp","href":"https:\/\/api.w.org\/{rel}","templated":true}]}}