{"id":97087,"date":"2025-02-18T16:33:26","date_gmt":"2025-02-18T14:33:26","guid":{"rendered":"https:\/\/arbeitskleidung.de\/shop\/produkt\/grizzlyskin-smartphonetasche-2"},"modified":"2025-02-18T16:33:26","modified_gmt":"2025-02-18T14:33:26","slug":"grizzlyskin-smartphonetasche-2","status":"publish","type":"product","link":"https:\/\/arbeitskleidung.de\/shop\/produkt\/grizzlyskin-smartphonetasche-2","title":{"rendered":"GRIZZLYSKIN Smartphonetasche"},"content":{"rendered":"<p><strong>GRIZZLYSKIN Smartphonetasche<\/strong><br \/>\nJede Hose der IRON-Kollektion l\u00e4sst sich individuell<br \/>\nmit Zubeh\u00f6rtaschen erweitern.<br \/>\nSo wird sie allen Anforderungen an Taschen f\u00fcr Equipment<br \/>\ngerecht und eignet sich branchen\u00fcbergreifend<br \/>\nals Arbeitshose der n\u00e4chsten Generation.<br \/>\nDie Taschen sind auch am eigenen G\u00fcrtel tragbar.<\/p>\n<p>B: 9 cm \/ H: 17 cm \/ T: 3 cm<\/p>\n","protected":false},"excerpt":{"rendered":"<p>GRIZZLYSKIN Smartphonetasche Jede Hose der IRON-Kollektion l\u00e4sst sich individuell mit Zubeh\u00f6rtaschen erweitern. So wird sie allen Anforderungen an Taschen f\u00fcr Equipment gerecht und eignet sich branchen\u00fcbergreifend als Arbeitshose der n\u00e4chsten Generation. Die Taschen sind auch am eigenen G\u00fcrtel tragbar. B: 9 cm \/ H: 17 cm \/ T: 3 cm<\/p>\n","protected":false},"featured_media":97064,"comment_status":"open","ping_status":"open","template":"","meta":[],"product_cat":[823,3563,3564,3252],"product_tag":[2791,2865,3004,3005,3240,3258],"class_list":["post-97087","product","type-product","status-publish","has-post-thumbnail","hentry","product_cat-industrie-handwerk","product_cat-berufskleidung-grizzlyskin","product_cat-berufskleidung-grizzlyskin-industrie-handwerk","product_cat-qualitex-arbeitskleidung","product_tag-arbeitskleidung","product_tag-hose","product_tag-qualitex","product_tag-arbeitshose","product_tag-guertel","product_tag-berufskleidung","pa_hersteller-grizzlyskin"],"_links":{"self":[{"href":"https:\/\/arbeitskleidung.de\/shop\/wp-json\/wp\/v2\/product\/97087"}],"collection":[{"href":"https:\/\/arbeitskleidung.de\/shop\/wp-json\/wp\/v2\/product"}],"about":[{"href":"https:\/\/arbeitskleidung.de\/shop\/wp-json\/wp\/v2\/types\/product"}],"replies":[{"embeddable":true,"href":"https:\/\/arbeitskleidung.de\/shop\/wp-json\/wp\/v2\/comments?post=97087"}],"wp:featuredmedia":[{"embeddable":true,"href":"https:\/\/arbeitskleidung.de\/shop\/wp-json\/wp\/v2\/media\/97064"}],"wp:attachment":[{"href":"https:\/\/arbeitskleidung.de\/shop\/wp-json\/wp\/v2\/media?parent=97087"}],"wp:term":[{"taxonomy":"product_cat","embeddable":true,"href":"https:\/\/arbeitskleidung.de\/shop\/wp-json\/wp\/v2\/product_cat?post=97087"},{"taxonomy":"product_tag","embeddable":true,"href":"https:\/\/arbeitskleidung.de\/shop\/wp-json\/wp\/v2\/product_tag?post=97087"}],"curies":[{"name":"wp","href":"https:\/\/api.w.org\/{rel}","templated":true}]}}