{"id":97297,"date":"2023-01-31T12:14:08","date_gmt":"2023-01-31T10:14:08","guid":{"rendered":"https:\/\/arbeitskleidung.de\/shop\/produkt\/bierbaum-proenen-guertel"},"modified":"2024-11-21T16:03:34","modified_gmt":"2024-11-21T14:03:34","slug":"bierbaum-proenen-guertel","status":"publish","type":"product","link":"https:\/\/arbeitskleidung.de\/shop\/produkt\/bierbaum-proenen-guertel","title":{"rendered":"Bierbaum-Proenen G\u00fcrtel"},"content":{"rendered":"<p><strong>Bierbaum-Proenen G\u00fcrtel<\/strong><br \/>\n100 % Polyester<br \/>\nca. 140 cm<br \/>\nFarbe: Schwarz<br \/>\nMit Edelstahlschlie\u00dfe<\/p>\n<p>K\u00fcrzen Sie den G\u00fcrtel auf Ihre<br \/>\npers\u00f6nliche L\u00e4nge.<\/p>\n","protected":false},"excerpt":{"rendered":"<p>Bierbaum-Proenen G\u00fcrtel 100 % Polyester ca. 140 cm Farbe: Schwarz Mit Edelstahlschlie\u00dfe K\u00fcrzen Sie den G\u00fcrtel auf Ihre pers\u00f6nliche L\u00e4nge.<\/p>\n","protected":false},"featured_media":87116,"comment_status":"open","ping_status":"closed","template":"","meta":[],"product_cat":[3133,823,3452,779,3132,3440],"product_tag":[3175,3240,3258,3135],"class_list":["post-97297","product","type-product","status-publish","has-post-thumbnail","hentry","product_cat-damenhosen","product_cat-industrie-handwerk","product_cat-berufskleidung-workwear-einfarbig","product_cat-gastronomie-klinik","product_cat-klinikkleidung-praxiskleidung-pflegekleidung","product_cat-bierbaum-proenen-kollektion","product_tag-bierbaum-proenen","product_tag-guertel","product_tag-berufskleidung","product_tag-pflegekleidung","pa_hersteller-bierbaum-proenen"],"_links":{"self":[{"href":"https:\/\/arbeitskleidung.de\/shop\/wp-json\/wp\/v2\/product\/97297"}],"collection":[{"href":"https:\/\/arbeitskleidung.de\/shop\/wp-json\/wp\/v2\/product"}],"about":[{"href":"https:\/\/arbeitskleidung.de\/shop\/wp-json\/wp\/v2\/types\/product"}],"replies":[{"embeddable":true,"href":"https:\/\/arbeitskleidung.de\/shop\/wp-json\/wp\/v2\/comments?post=97297"}],"wp:featuredmedia":[{"embeddable":true,"href":"https:\/\/arbeitskleidung.de\/shop\/wp-json\/wp\/v2\/media\/87116"}],"wp:attachment":[{"href":"https:\/\/arbeitskleidung.de\/shop\/wp-json\/wp\/v2\/media?parent=97297"}],"wp:term":[{"taxonomy":"product_cat","embeddable":true,"href":"https:\/\/arbeitskleidung.de\/shop\/wp-json\/wp\/v2\/product_cat?post=97297"},{"taxonomy":"product_tag","embeddable":true,"href":"https:\/\/arbeitskleidung.de\/shop\/wp-json\/wp\/v2\/product_tag?post=97297"}],"curies":[{"name":"wp","href":"https:\/\/api.w.org\/{rel}","templated":true}]}}