{"id":97301,"date":"2022-02-07T15:15:31","date_gmt":"2022-02-07T13:15:31","guid":{"rendered":"https:\/\/arbeitskleidung.de\/shop\/produkt\/hiza-latzschuerze-100-x-80-cm"},"modified":"2022-02-07T15:15:32","modified_gmt":"2022-02-07T13:15:32","slug":"hiza-latzschuerze-100-x-80-cm","status":"publish","type":"product","link":"https:\/\/arbeitskleidung.de\/shop\/produkt\/hiza-latzschuerze-100-x-80-cm","title":{"rendered":"HIZA Latzsch\u00fcrze 100 x 80 cm"},"content":{"rendered":"<p><strong>HIZA Latzsch\u00fcrze 100 x 80 cm<\/strong><br \/>\nNadelstreifen schwarz\/weiss,<br \/>\nmit bew\u00e4hrtem HIZA-VARIO-SYSTEM<br \/>\nzur optimalen Einstellung der Tr\u00e4gerh\u00f6he.<br \/>\nL 100 cm X B 80 cm<br \/>\n100 % Baumwolle 240 g\/m\u00b2<br \/>\n95\u00b0C waschbar<\/p>\n","protected":false},"excerpt":{"rendered":"<p>HIZA Latzsch\u00fcrze 100 x 80 cm Nadelstreifen schwarz\/weiss, mit bew\u00e4hrtem HIZA-VARIO-SYSTEM zur optimalen Einstellung der Tr\u00e4gerh\u00f6he. L 100 cm X B 80 cm 100 % Baumwolle 240 g\/m\u00b2 95\u00b0C waschbar<\/p>\n","protected":false},"featured_media":86512,"comment_status":"open","ping_status":"open","template":"","meta":[],"product_cat":[3144,3154,779],"product_tag":[3146,3155,3134],"class_list":["post-97301","product","type-product","status-publish","has-post-thumbnail","hentry","product_cat-kuechenkleidung-servicekleidung","product_cat-latzschuerzen","product_cat-gastronomie-klinik","product_tag-kuechenkleidung","product_tag-latzschuerze","product_tag-hiza","pa_hersteller-hiza"],"_links":{"self":[{"href":"https:\/\/arbeitskleidung.de\/shop\/wp-json\/wp\/v2\/product\/97301"}],"collection":[{"href":"https:\/\/arbeitskleidung.de\/shop\/wp-json\/wp\/v2\/product"}],"about":[{"href":"https:\/\/arbeitskleidung.de\/shop\/wp-json\/wp\/v2\/types\/product"}],"replies":[{"embeddable":true,"href":"https:\/\/arbeitskleidung.de\/shop\/wp-json\/wp\/v2\/comments?post=97301"}],"wp:featuredmedia":[{"embeddable":true,"href":"https:\/\/arbeitskleidung.de\/shop\/wp-json\/wp\/v2\/media\/86512"}],"wp:attachment":[{"href":"https:\/\/arbeitskleidung.de\/shop\/wp-json\/wp\/v2\/media?parent=97301"}],"wp:term":[{"taxonomy":"product_cat","embeddable":true,"href":"https:\/\/arbeitskleidung.de\/shop\/wp-json\/wp\/v2\/product_cat?post=97301"},{"taxonomy":"product_tag","embeddable":true,"href":"https:\/\/arbeitskleidung.de\/shop\/wp-json\/wp\/v2\/product_tag?post=97301"}],"curies":[{"name":"wp","href":"https:\/\/api.w.org\/{rel}","templated":true}]}}