{"id":97317,"date":"2022-01-03T11:54:43","date_gmt":"2022-01-03T09:54:43","guid":{"rendered":"https:\/\/arbeitskleidung.de\/shop\/produkt\/elysee-strickfleece-jacke"},"modified":"2022-01-03T11:54:44","modified_gmt":"2022-01-03T09:54:44","slug":"elysee-strickfleece-jacke","status":"publish","type":"product","link":"https:\/\/arbeitskleidung.de\/shop\/produkt\/elysee-strickfleece-jacke","title":{"rendered":"Elysee Strickfleece-Jacke"},"content":{"rendered":"<p><strong>Elysee Strickfleece-Jacke<\/strong><br \/>\nObermaterial: 100 % Polyester, Strickfleece<br \/>\nEinsatz: 96 % Polyester \/ 4 % Elasthan<br \/>\nGewicht: ca. 320 g\/m\u00b2<br \/>\nFarbe: dunkelgrau \/ schwarz<\/p>\n<p>Material ist hoch atmungsaktiv, weich und komfortabel<br \/>\nleichte Jacke mit Strick-Au\u00dfenseite und Fleece-Innenseite<br \/>\nSoftshell-Verst\u00e4rkungen<br \/>\nKinnschutz, elastischer Kordelzug im Saum mit Stoppern<br \/>\nelastische \u00c4rmelabschl\u00fcsse<br \/>\nTaschen:<br \/>\n1 aufgesetzte Brusttasche mit Rei\u00dfverschluss<br \/>\n2 seitliche H\u00fcfttaschen mit Rei\u00dfverschl\u00fcssen<\/p>\n<p>100 % Polyester, Strickfleece<\/p>\n","protected":false},"excerpt":{"rendered":"<p>Elysee Strickfleece-Jacke Obermaterial: 100 % Polyester, Strickfleece Einsatz: 96 % Polyester \/ 4 % Elasthan Gewicht: ca. 320 g\/m\u00b2 Farbe: dunkelgrau \/ schwarz Material ist hoch atmungsaktiv, weich und komfortabel leichte Jacke mit Strick-Au\u00dfenseite und Fleece-Innenseite Softshell-Verst\u00e4rkungen Kinnschutz, elastischer Kordelzug im Saum mit Stoppern elastische \u00c4rmelabschl\u00fcsse Taschen: 1 aufgesetzte Brusttasche mit Rei\u00dfverschluss 2 seitliche H\u00fcfttaschen [&hellip;]<\/p>\n","protected":false},"featured_media":97324,"comment_status":"open","ping_status":"open","template":"","meta":[],"product_cat":[3309,3311,3353,823,3348,3272],"product_tag":[2774,2867],"class_list":["post-97317","product","type-product","status-publish","has-post-thumbnail","hentry","product_cat-oberbekleidung","product_cat-polos-pullover","product_cat-elysee-premium-workwear","product_cat-industrie-handwerk","product_cat-elysee-oberbekleidung","product_cat-elysee-kollektion","product_tag-elysee","product_tag-jacke","pa_groesse-l","pa_groesse-m","pa_groesse-s","pa_groesse-xl","pa_groesse-xxl","pa_groesse-xxxl","pa_hersteller-elysee"],"_links":{"self":[{"href":"https:\/\/arbeitskleidung.de\/shop\/wp-json\/wp\/v2\/product\/97317"}],"collection":[{"href":"https:\/\/arbeitskleidung.de\/shop\/wp-json\/wp\/v2\/product"}],"about":[{"href":"https:\/\/arbeitskleidung.de\/shop\/wp-json\/wp\/v2\/types\/product"}],"replies":[{"embeddable":true,"href":"https:\/\/arbeitskleidung.de\/shop\/wp-json\/wp\/v2\/comments?post=97317"}],"wp:featuredmedia":[{"embeddable":true,"href":"https:\/\/arbeitskleidung.de\/shop\/wp-json\/wp\/v2\/media\/97324"}],"wp:attachment":[{"href":"https:\/\/arbeitskleidung.de\/shop\/wp-json\/wp\/v2\/media?parent=97317"}],"wp:term":[{"taxonomy":"product_cat","embeddable":true,"href":"https:\/\/arbeitskleidung.de\/shop\/wp-json\/wp\/v2\/product_cat?post=97317"},{"taxonomy":"product_tag","embeddable":true,"href":"https:\/\/arbeitskleidung.de\/shop\/wp-json\/wp\/v2\/product_tag?post=97317"}],"curies":[{"name":"wp","href":"https:\/\/api.w.org\/{rel}","templated":true}]}}