{"id":97748,"date":"2019-05-16T15:37:25","date_gmt":"2019-05-16T14:37:25","guid":{"rendered":"https:\/\/arbeitskleidung.de\/shop\/produkt\/elysee-outdoorjacke-3"},"modified":"2026-02-14T16:15:56","modified_gmt":"2026-02-14T14:15:56","slug":"elysee-outdoorjacke-3","status":"publish","type":"product","link":"https:\/\/arbeitskleidung.de\/shop\/produkt\/elysee-outdoorjacke-3","title":{"rendered":"Elysee Outdoorjacke"},"content":{"rendered":"<p><strong>Elysee Outdoorjacke<\/strong><br \/>\nrobustes Canvasgewebe<br \/>\nschmutz-, \u00f6l- und wasserabweisend durch hochwertige Beschichtung<br \/>\nabrieb- und rei\u00dffeste Outdoorjacke mit hoher Bewegungsfreiheit<br \/>\ndurch sehr gute Passform.<br \/>\n\u00c4rmel heraustrennbar, Jacke ist auch als Weste tragbar,<br \/>\nThermo-Innenweste sch\u00fctzt vor extremen<br \/>\nBedingungen und kann separat getragen werden,<br \/>\nverdeckter YKK\u00ae-1-Wege-Rei\u00dfverschluss,<br \/>\nPatte \u00fcber Rei\u00dfverschluss im Vorderteil mit verdeckten Druckkn\u00f6pfen,<br \/>\nweitenverstellbarer Saum und \u00c4rmelsaum,<br \/>\nR\u00fcckenteil etwas l\u00e4nger geschnitten,<br \/>\nReflexstreifen vorn und hinten,<br \/>\nAdressfeld im Innenteil der Jacke f\u00fcr Benutzer,<\/p>\n<p>Taschen:<br \/>\nTaschenkombination mit Balgtasche f\u00fcr ausreichendes<br \/>\nVolumen im Brustbereich f\u00fcr Mobiltelefon, Funkger\u00e4t, diverse Unterlagen,<br \/>\nD-Ring f\u00fcr Schl\u00fcssel an Brusttasche,<br \/>\n2 ger\u00e4umige H\u00fcfttaschen mit 2 zus\u00e4tzlichen Eingriffen seitlich und zus\u00e4tzlichem<br \/>\nDruckknopfverschluss unter der Patte, Taschenbeutel mit Balgtasche f\u00fcr maximale Kapazit\u00e4t,<br \/>\n1 Napoleontasche,<br \/>\nWeste mit Brusttasche.<\/p>\n<p>Farbe: Marine-Schwarz<br \/>\nObermaterial: 65 % Polyester\/35 % Baumwolle,320 g\/m\u00b2<br \/>\nVerst\u00e4rkung: 100 % CORDURA\u00ae<\/p>\n","protected":false},"excerpt":{"rendered":"<p>Restpostenverkauf vom Umtausch ausgeschlossen<\/p>\n","protected":false},"featured_media":89858,"comment_status":"open","ping_status":"closed","template":"","meta":[],"product_cat":[823,3256],"product_tag":[2774,2791,2867,3258],"class_list":["post-97748","product","type-product","status-publish","has-post-thumbnail","hentry","product_cat-industrie-handwerk","product_cat-restposten-berufskleidung","product_tag-elysee","product_tag-arbeitskleidung","product_tag-jacke","product_tag-berufskleidung","pa_groesse-l","pa_groesse-s","pa_groesse-xl","pa_groesse-xxl","pa_groesse-xxxxl","pa_hersteller-arbeitskleidung"],"_links":{"self":[{"href":"https:\/\/arbeitskleidung.de\/shop\/wp-json\/wp\/v2\/product\/97748"}],"collection":[{"href":"https:\/\/arbeitskleidung.de\/shop\/wp-json\/wp\/v2\/product"}],"about":[{"href":"https:\/\/arbeitskleidung.de\/shop\/wp-json\/wp\/v2\/types\/product"}],"replies":[{"embeddable":true,"href":"https:\/\/arbeitskleidung.de\/shop\/wp-json\/wp\/v2\/comments?post=97748"}],"wp:featuredmedia":[{"embeddable":true,"href":"https:\/\/arbeitskleidung.de\/shop\/wp-json\/wp\/v2\/media\/89858"}],"wp:attachment":[{"href":"https:\/\/arbeitskleidung.de\/shop\/wp-json\/wp\/v2\/media?parent=97748"}],"wp:term":[{"taxonomy":"product_cat","embeddable":true,"href":"https:\/\/arbeitskleidung.de\/shop\/wp-json\/wp\/v2\/product_cat?post=97748"},{"taxonomy":"product_tag","embeddable":true,"href":"https:\/\/arbeitskleidung.de\/shop\/wp-json\/wp\/v2\/product_tag?post=97748"}],"curies":[{"name":"wp","href":"https:\/\/api.w.org\/{rel}","templated":true}]}}