{"id":99764,"date":"2023-04-17T14:44:23","date_gmt":"2023-04-17T12:44:23","guid":{"rendered":"https:\/\/arbeitskleidung.de\/shop\/produkt\/stuco-ocuts-sicherheitshalbschuh-2"},"modified":"2024-05-13T13:16:19","modified_gmt":"2024-05-13T11:16:19","slug":"stuco-ocuts-sicherheitshalbschuh","status":"publish","type":"product","link":"https:\/\/arbeitskleidung.de\/shop\/produkt\/stuco-ocuts-sicherheitshalbschuh","title":{"rendered":"STUCO OCUTS Sicherheitshalbschuh"},"content":{"rendered":"<p><strong>STUCO OCUTS Sicherheitshalbschuh<\/strong><br \/>\nS1 P SRC ( Stahlkappe &amp; Durchtrittsichere L-Protection Brandsohle )<br \/>\nOcuts, der Skater-Sicherheitsschuh Jugendliche, sportliche Optik,<br \/>\ngibt dem Tr\u00e4ger ein einzigartiges, bequemes Traggef\u00fchl ohne auf<br \/>\neinen Zehenschutz und Durchtrittsicherheit verzichten zu m\u00fcssen.<\/p>\n<p>Brandsohle:<br \/>\nDurchtrittsichere L-Protection Brandsohle aus verschiedene Lagen<br \/>\nHigh-Tenacity-Fasern in Kombination mit Keramikteilchen.<br \/>\nAtmungsaktiv und metallfrei, gute Feuchtigkeitsaufnahme und -abgabe.<\/p>\n<p>Laufsohle:<br \/>\nZweischicht Nitril-Gummisohle, schockabsorbierend,<br \/>\nhohe Gleitsicherheit, \u00f6l-, benzin- und biobest\u00e4ndig, Hitzebest\u00e4ndig bis 180\u00b0<br \/>\nS1 P SRC<\/p>\n","protected":false},"excerpt":{"rendered":"<p>Restpostenverkauf vom Umtausch ausgeschlossen<\/p>\n","protected":false},"featured_media":82792,"comment_status":"open","ping_status":"closed","template":"","meta":[],"product_cat":[823,3274],"product_tag":[2912,2914],"class_list":["post-99764","product","type-product","status-publish","has-post-thumbnail","hentry","product_cat-industrie-handwerk","product_cat-stuco-sicherheitsschuhe-industrie-handwerk","product_tag-stuco","product_tag-sicherheitsschuhe","pa_groesse-2897","pa_groesse-2876","pa_groesse-2898","pa_groesse-2891","pa_groesse-2901","pa_hersteller-stuco"],"_links":{"self":[{"href":"https:\/\/arbeitskleidung.de\/shop\/wp-json\/wp\/v2\/product\/99764"}],"collection":[{"href":"https:\/\/arbeitskleidung.de\/shop\/wp-json\/wp\/v2\/product"}],"about":[{"href":"https:\/\/arbeitskleidung.de\/shop\/wp-json\/wp\/v2\/types\/product"}],"replies":[{"embeddable":true,"href":"https:\/\/arbeitskleidung.de\/shop\/wp-json\/wp\/v2\/comments?post=99764"}],"wp:featuredmedia":[{"embeddable":true,"href":"https:\/\/arbeitskleidung.de\/shop\/wp-json\/wp\/v2\/media\/82792"}],"wp:attachment":[{"href":"https:\/\/arbeitskleidung.de\/shop\/wp-json\/wp\/v2\/media?parent=99764"}],"wp:term":[{"taxonomy":"product_cat","embeddable":true,"href":"https:\/\/arbeitskleidung.de\/shop\/wp-json\/wp\/v2\/product_cat?post=99764"},{"taxonomy":"product_tag","embeddable":true,"href":"https:\/\/arbeitskleidung.de\/shop\/wp-json\/wp\/v2\/product_tag?post=99764"}],"curies":[{"name":"wp","href":"https:\/\/api.w.org\/{rel}","templated":true}]}}