{"id":99931,"date":"2020-08-04T15:48:48","date_gmt":"2020-08-04T13:48:48","guid":{"rendered":"https:\/\/arbeitskleidung.de\/shop\/produkt\/vollsichtbrille-standard"},"modified":"2020-08-10T09:36:01","modified_gmt":"2020-08-10T07:36:01","slug":"vollsichtbrille-standard","status":"publish","type":"product","link":"https:\/\/arbeitskleidung.de\/shop\/produkt\/vollsichtbrille-standard","title":{"rendered":"Vollsichtbrille- Standard"},"content":{"rendered":"<p><strong>Vollsichtbrille- Standard<\/strong><br \/>\nGL\u00c4SER:<br \/>\nMATERIAL: Polycarbonat<br \/>\nFARBE: farblos<br \/>\nEN 166 &#8211; Allgemeine,<br \/>\nEN 170 &#8211; UV-Strahlen<br \/>\nGEWICHT: 79 g<br \/>\nANWENDUNGSGEBIETE: Indoor &#8211; mechanische T\u00e4tigkeiten mit guten Sichtverh\u00e4ltnissen.<br \/>\nPLUS: IDEAL \u00dcBER KORREKTIONSBRILLE UND ATEMSCHUTZ, VENTILATIONSSYSTEM<\/p>\n","protected":false},"excerpt":{"rendered":"<p>Vollsichtbrille- Standard GL\u00c4SER: MATERIAL: Polycarbonat FARBE: farblos EN 166 &#8211; Allgemeine, EN 170 &#8211; UV-Strahlen GEWICHT: 79 g ANWENDUNGSGEBIETE: Indoor &#8211; mechanische T\u00e4tigkeiten mit guten Sichtverh\u00e4ltnissen. PLUS: IDEAL \u00dcBER KORREKTIONSBRILLE UND ATEMSCHUTZ, VENTILATIONSSYSTEM<\/p>\n","protected":false},"featured_media":99932,"comment_status":"open","ping_status":"closed","template":"","meta":[],"product_cat":[823,3362],"product_tag":[2791,2872,3416],"class_list":["post-99931","product","type-product","status-publish","has-post-thumbnail","hentry","product_cat-industrie-handwerk","product_cat-kopfschutz","product_tag-arbeitskleidung","product_tag-cofra","product_tag-kopfschutz","pa_hersteller-cofra"],"_links":{"self":[{"href":"https:\/\/arbeitskleidung.de\/shop\/wp-json\/wp\/v2\/product\/99931"}],"collection":[{"href":"https:\/\/arbeitskleidung.de\/shop\/wp-json\/wp\/v2\/product"}],"about":[{"href":"https:\/\/arbeitskleidung.de\/shop\/wp-json\/wp\/v2\/types\/product"}],"replies":[{"embeddable":true,"href":"https:\/\/arbeitskleidung.de\/shop\/wp-json\/wp\/v2\/comments?post=99931"}],"wp:featuredmedia":[{"embeddable":true,"href":"https:\/\/arbeitskleidung.de\/shop\/wp-json\/wp\/v2\/media\/99932"}],"wp:attachment":[{"href":"https:\/\/arbeitskleidung.de\/shop\/wp-json\/wp\/v2\/media?parent=99931"}],"wp:term":[{"taxonomy":"product_cat","embeddable":true,"href":"https:\/\/arbeitskleidung.de\/shop\/wp-json\/wp\/v2\/product_cat?post=99931"},{"taxonomy":"product_tag","embeddable":true,"href":"https:\/\/arbeitskleidung.de\/shop\/wp-json\/wp\/v2\/product_tag?post=99931"}],"curies":[{"name":"wp","href":"https:\/\/api.w.org\/{rel}","templated":true}]}}